{"id":3974,"date":"2024-04-17T13:33:12","date_gmt":"2024-04-17T13:33:12","guid":{"rendered":"https:\/\/fabricaviridis.com\/terms-and-conditions\/"},"modified":"2025-02-05T14:39:57","modified_gmt":"2025-02-05T14:39:57","slug":"terms-and-conditions","status":"publish","type":"page","link":"https:\/\/fabricaviridis.com\/de\/terms-and-conditions\/","title":{"rendered":"Bedingungen und Konditionen"},"content":{"rendered":"\t\t<div data-elementor-type=\"wp-page\" data-elementor-id=\"3974\" class=\"elementor elementor-3974 elementor-2781\">\n\t\t\t\t\t\t<section class=\"elementor-section elementor-top-section elementor-element elementor-element-449a03cf elementor-section-full_width elementor-section-height-default elementor-section-height-default\" data-id=\"449a03cf\" data-element_type=\"section\">\n\t\t\t\t\t\t<div class=\"elementor-container elementor-column-gap-default\">\n\t\t\t\t\t<div class=\"elementor-column elementor-col-100 elementor-top-column elementor-element elementor-element-58c801c9\" data-id=\"58c801c9\" data-element_type=\"column\">\n\t\t\t<div class=\"elementor-widget-wrap elementor-element-populated\">\n\t\t\t\t\t\t<section class=\"elementor-section elementor-inner-section elementor-element elementor-element-9949c5d elementor-section-boxed elementor-section-height-default elementor-section-height-default\" data-id=\"9949c5d\" data-element_type=\"section\">\n\t\t\t\t\t\t<div class=\"elementor-container elementor-column-gap-default\">\n\t\t\t\t\t<div class=\"elementor-column elementor-col-100 elementor-inner-column elementor-element elementor-element-100d627\" data-id=\"100d627\" data-element_type=\"column\">\n\t\t\t<div class=\"elementor-widget-wrap elementor-element-populated\">\n\t\t\t\t\t\t<div class=\"elementor-element elementor-element-420b3887 elementor-widget elementor-widget-bauen-title\" data-id=\"420b3887\" data-element_type=\"widget\" data-widget_type=\"bauen-title.default\">\n\t\t\t\t<div class=\"elementor-widget-container\">\n\t\t\t\t\t\n\t\t\t\n\t\t\t\t\t\t<h2 class=\"section-title text-left\">Terms and <span class=\"text-color-red\"> Conditions<\/span><\/h2>\n\t\t\t\t\n\t\t\t\t\n        \n\t\t\t\n        \t\t<\/div>\n\t\t\t\t<\/div>\n\t\t\t\t\t<\/div>\n\t\t<\/div>\n\t\t\t\t\t<\/div>\n\t\t<\/section>\n\t\t\t\t<section class=\"elementor-section elementor-inner-section elementor-element elementor-element-368b5557 elementor-section-boxed elementor-section-height-default elementor-section-height-default\" data-id=\"368b5557\" data-element_type=\"section\">\n\t\t\t\t\t\t<div class=\"elementor-container elementor-column-gap-default\">\n\t\t\t\t\t<div class=\"elementor-column elementor-col-100 elementor-inner-column elementor-element elementor-element-7b2366eb\" data-id=\"7b2366eb\" data-element_type=\"column\">\n\t\t\t<div class=\"elementor-widget-wrap elementor-element-populated\">\n\t\t\t\t\t\t<div class=\"elementor-element elementor-element-28b78a6 elementor-widget elementor-widget-text-editor\" data-id=\"28b78a6\" data-element_type=\"widget\" data-widget_type=\"text-editor.default\">\n\t\t\t\t<div class=\"elementor-widget-container\">\n\t\t\t<style>\/*! elementor - v3.22.0 - 26-06-2024 *\/\n.elementor-widget-text-editor.elementor-drop-cap-view-stacked .elementor-drop-cap{background-color:#69727d;color:#fff}.elementor-widget-text-editor.elementor-drop-cap-view-framed .elementor-drop-cap{color:#69727d;border:3px solid;background-color:transparent}.elementor-widget-text-editor:not(.elementor-drop-cap-view-default) .elementor-drop-cap{margin-top:8px}.elementor-widget-text-editor:not(.elementor-drop-cap-view-default) .elementor-drop-cap-letter{width:1em;height:1em}.elementor-widget-text-editor .elementor-drop-cap{float:left;text-align:center;line-height:1;font-size:50px}.elementor-widget-text-editor .elementor-drop-cap-letter{display:inline-block}<\/style>\t\t\t\t<p>Ihre Privatsph\u00e4re ist uns wichtig. Es geh\u00f6rt zu den Grunds\u00e4tzen von FABRICA VIRIDIS, UAB, Ihre Privatsph\u00e4re in Bezug auf alle Informationen zu respektieren, die wir \u00fcber unsere Website, http:\/\/www.fabricaviridis.lt, und andere Websites, die wir besitzen und betreiben, von Ihnen sammeln.<\/p>\n<\/p>\n<p>Wir fragen nur dann nach pers\u00f6nlichen Informationen, wenn wir sie wirklich ben\u00f6tigen, um Ihnen einen Service zu bieten. Wir sammeln sie auf faire und rechtm\u00e4\u00dfige Weise, mit Ihrem Wissen und Ihrer Zustimmung. Wir informieren Sie auch dar\u00fcber, warum wir die Daten sammeln und wie sie verwendet werden.<\/p>\n<\/p>\n<p>Wir bewahren die gesammelten Informationen nur so lange auf, wie es notwendig ist, um Ihnen den von Ihnen gew\u00fcnschten Service zu bieten. Die Daten, die wir speichern, sch\u00fctzen wir mit wirtschaftlich vertretbaren Mitteln, um Verlust und Diebstahl sowie unbefugten Zugriff, Offenlegung, Kopieren, Verwendung oder \u00c4nderung zu verhindern.<\/p>\n<\/p>\n<p>Wir geben keine pers\u00f6nlichen Informationen an die \u00d6ffentlichkeit oder an Dritte weiter, es sei denn, wir sind gesetzlich dazu verpflichtet.<\/p>\n<\/p>\n<p>Unsere Website kann Links zu externen Websites enthalten, die nicht von uns betrieben werden. Bitte beachten Sie, dass wir keine Kontrolle \u00fcber den Inhalt und die Praktiken dieser Websites haben und keine Verantwortung oder Haftung f\u00fcr deren Datenschutzrichtlinien \u00fcbernehmen k\u00f6nnen.<\/p>\n<\/p>\n<p>Es steht Ihnen frei, unsere Anfrage nach Ihren pers\u00f6nlichen Daten abzulehnen, mit dem Verst\u00e4ndnis, dass wir Ihnen einige der von Ihnen gew\u00fcnschten Dienstleistungen m\u00f6glicherweise nicht anbieten k\u00f6nnen.<\/p>\n<\/p>\n<p>Wenn Sie unsere Website weiterhin nutzen, gilt dies als Zustimmung zu unseren Praktiken in Bezug auf den Datenschutz und pers\u00f6nliche Daten. Wenn Sie Fragen dazu haben, wie wir mit Benutzerdaten und pers\u00f6nlichen Informationen umgehen, k\u00f6nnen Sie uns gerne kontaktieren.<\/p>\n<\/p>\n<p>Diese Richtlinie ist ab dem 13. April 2022 g\u00fcltig.<\/p>\n\t\t\t\t\t\t<\/div>\n\t\t\t\t<\/div>\n\t\t\t\t\t<\/div>\n\t\t<\/div>\n\t\t\t\t\t<\/div>\n\t\t<\/section>\n\t\t\t\t\t<\/div>\n\t\t<\/div>\n\t\t\t\t\t<\/div>\n\t\t<\/section>\n\t\t\t\t<\/div>\n\t\t","protected":false},"excerpt":{"rendered":"<p>Terms and Conditions Ihre Privatsph\u00e4re ist uns wichtig. Es geh\u00f6rt zu den Grunds\u00e4tzen von FABRICA VIRIDIS, UAB, Ihre Privatsph\u00e4re in Bezug auf alle Informationen zu respektieren, die wir \u00fcber unsere Website, http:\/\/www.fabricaviridis.lt, und andere Websites, die wir besitzen und betreiben, von Ihnen sammeln. Wir fragen nur dann nach pers\u00f6nlichen Informationen, wenn wir sie wirklich ben\u00f6tigen, um Ihnen einen Service zu&#8230;<\/p>\n","protected":false},"author":1,"featured_media":0,"parent":0,"menu_order":0,"comment_status":"closed","ping_status":"closed","template":"","meta":{"footnotes":"","_links_to":"","_links_to_target":""},"_links":{"self":[{"href":"https:\/\/fabricaviridis.com\/de\/wp-json\/wp\/v2\/pages\/3974"}],"collection":[{"href":"https:\/\/fabricaviridis.com\/de\/wp-json\/wp\/v2\/pages"}],"about":[{"href":"https:\/\/fabricaviridis.com\/de\/wp-json\/wp\/v2\/types\/page"}],"author":[{"embeddable":true,"href":"https:\/\/fabricaviridis.com\/de\/wp-json\/wp\/v2\/users\/1"}],"replies":[{"embeddable":true,"href":"https:\/\/fabricaviridis.com\/de\/wp-json\/wp\/v2\/comments?post=3974"}],"version-history":[{"count":2,"href":"https:\/\/fabricaviridis.com\/de\/wp-json\/wp\/v2\/pages\/3974\/revisions"}],"predecessor-version":[{"id":4124,"href":"https:\/\/fabricaviridis.com\/de\/wp-json\/wp\/v2\/pages\/3974\/revisions\/4124"}],"wp:attachment":[{"href":"https:\/\/fabricaviridis.com\/de\/wp-json\/wp\/v2\/media?parent=3974"}],"curies":[{"name":"wp","href":"https:\/\/api.w.org\/{rel}","templated":true}]}}