{"id":3981,"date":"2024-04-15T06:06:00","date_gmt":"2024-04-15T06:06:00","guid":{"rendered":"https:\/\/fabricaviridis.com\/pressing\/"},"modified":"2025-02-05T19:19:59","modified_gmt":"2025-02-05T19:19:59","slug":"pressing","status":"publish","type":"page","link":"https:\/\/fabricaviridis.com\/de\/furniture-production\/pressing\/","title":{"rendered":"Dr\u00fccken Sie"},"content":{"rendered":"\t\t<div data-elementor-type=\"wp-page\" data-elementor-id=\"3981\" class=\"elementor elementor-3981 elementor-2268\">\n\t\t\t\t\t\t<section class=\"elementor-section elementor-top-section elementor-element elementor-element-7a996771 elementor-section-full_width elementor-section-height-default elementor-section-height-default\" data-id=\"7a996771\" data-element_type=\"section\">\n\t\t\t\t\t\t<div class=\"elementor-container elementor-column-gap-no\">\n\t\t\t\t\t<div class=\"elementor-column elementor-col-100 elementor-top-column elementor-element elementor-element-165ad3d1\" data-id=\"165ad3d1\" data-element_type=\"column\">\n\t\t\t<div class=\"elementor-widget-wrap elementor-element-populated\">\n\t\t\t\t\t\t<div class=\"elementor-section elementor-inner-section elementor-element elementor-element-60f121db elementor-section-full_width elementor-section-height-default elementor-section-height-default\" data-id=\"60f121db\" data-element_type=\"section\">\n\t\t\t\t\t\t<div class=\"elementor-container elementor-column-gap-default\">\n\t\t\t\t\t<div class=\"elementor-column elementor-col-100 elementor-inner-column elementor-element elementor-element-62454d39\" data-id=\"62454d39\" data-element_type=\"column\">\n\t\t\t<div class=\"elementor-widget-wrap elementor-element-populated\">\n\t\t\t\t\t\t<div class=\"elementor-element elementor-element-1b433de3 elementor-widget elementor-widget-bauen-title\" data-id=\"1b433de3\" data-element_type=\"widget\" data-widget_type=\"bauen-title.default\">\n\t\t\t\t<div class=\"elementor-widget-container\">\n\t\t\t\t\t\n\t\t\t\t\t\t\t\t<h2 class=\"section-title2 text-left\">Pressen<\/h2>\n\t\t\t\t\t\t\t\t\t\t\t\n\t\t\n\t\t\t\n        \t\t<\/div>\n\t\t\t\t<\/div>\n\t\t\t\t<div class=\"elementor-element elementor-element-16f7bc5 elementor-widget elementor-widget-bauen-text\" data-id=\"16f7bc5\" data-element_type=\"widget\" data-widget_type=\"bauen-text.default\">\n\t\t\t\t<div class=\"elementor-widget-container\">\n\t\t\t\t\t<div class=\"bn-text-block clear \">\n\t\t<p>Wir verwenden ein hydraulisches Pressenmodell, das eine Kombination aus handwerklichem K\u00f6nnen und kontinuierlicher Verbesserung ist, um den neuesten technischen Anforderungen zu entsprechen. Wenn Sie sich f\u00fcr den Pressenservice entscheiden, k\u00f6nnen Sie Platten in Nicht-Standardgr\u00f6\u00dfen, Hochdrucklaminat (HPL) auf verschiedene St\u00e4rken von Holzfaserplatten (MDF), Spanplatten (MDP), Sperrholz und anderen Materialien pressen.<\/p>\t\t<\/div>\n\t\t\t\t<\/div>\n\t\t\t\t<\/div>\n\t\t\t\t\t<\/div>\n\t\t<\/div>\n\t\t\t\t\t<\/div>\n\t\t<\/div>\n\t\t\t\t<div class=\"elementor-section elementor-inner-section elementor-element elementor-element-4c431a41 elementor-section-full_width elementor-section-height-default elementor-section-height-default\" data-id=\"4c431a41\" data-element_type=\"section\">\n\t\t\t\t\t\t<div class=\"elementor-container elementor-column-gap-narrow\">\n\t\t\t\t\t<div class=\"elementor-column elementor-col-50 elementor-inner-column elementor-element elementor-element-461f8d58\" data-id=\"461f8d58\" data-element_type=\"column\">\n\t\t\t<div class=\"elementor-widget-wrap elementor-element-populated\">\n\t\t\t\t\t\t<div class=\"elementor-element elementor-element-bfdd660 elementor-widget elementor-widget-bauen-single-img-video\" data-id=\"bfdd660\" data-element_type=\"widget\" data-widget_type=\"bauen-single-img-video.default\">\n\t\t\t\t<div class=\"elementor-widget-container\">\n\t\t\t\t\t\n\t\t\n\t\t\t\n\t\t\t\t\t\t    \t\t\t\t\n\t\t\t\t\t<div class=\"sec-gallery gallery-item\">\n\t\t\t\t\t\t\n\t\t\t\t\t\t<a href=\"https:\/\/fabricaviridis.com\/wp-content\/uploads\/2024\/05\/VPP_9783-min.jpg\" title=\"\" >\n\t\t\t\t\t\t\t<div class=\"gallery-box\">\n\t\t\t\t\t\t\t\t<div class=\"gallery-img\"> <img fetchpriority=\"high\" decoding=\"async\" width=\"2048\" height=\"1367\" src=\"https:\/\/fabricaviridis.com\/wp-content\/uploads\/2024\/05\/VPP_9783-min.jpg\" class=\"attachment-full size-full wp-image-3088\" alt=\"\" srcset=\"https:\/\/fabricaviridis.com\/wp-content\/uploads\/2024\/05\/VPP_9783-min.jpg 2048w, https:\/\/fabricaviridis.com\/wp-content\/uploads\/2024\/05\/VPP_9783-min-300x200.jpg 300w, https:\/\/fabricaviridis.com\/wp-content\/uploads\/2024\/05\/VPP_9783-min-1024x684.jpg 1024w, https:\/\/fabricaviridis.com\/wp-content\/uploads\/2024\/05\/VPP_9783-min-768x513.jpg 768w, https:\/\/fabricaviridis.com\/wp-content\/uploads\/2024\/05\/VPP_9783-min-1536x1025.jpg 1536w\" sizes=\"(max-width: 2048px) 100vw, 2048px\" \/> <\/div>\n\t\t\t\t\t\t\t<\/div>\t\t\t\t\t\t\t\t\t\n\t\t\t\t\t\t<\/a>\n\t\t\t\t\t\t\n\t\t\t\t\t<\/div>\n\t\t\t    \t\n\t\t\t\n\t\t\t\n\t\t\t\t\n\n        \t\t<\/div>\n\t\t\t\t<\/div>\n\t\t\t\t\t<\/div>\n\t\t<\/div>\n\t\t\t\t<div class=\"elementor-column elementor-col-50 elementor-inner-column elementor-element elementor-element-4e065394\" data-id=\"4e065394\" data-element_type=\"column\">\n\t\t\t<div class=\"elementor-widget-wrap elementor-element-populated\">\n\t\t\t\t\t\t<div class=\"elementor-element elementor-element-2e585569 elementor-widget elementor-widget-bauen-single-img-video\" data-id=\"2e585569\" data-element_type=\"widget\" data-widget_type=\"bauen-single-img-video.default\">\n\t\t\t\t<div class=\"elementor-widget-container\">\n\t\t\t\t\t\n\t\t\n\t\t\t\n\t\t\t\t\t\t    \t\t\t\t\n\t\t\t\t\t<div class=\"sec-gallery gallery-item\">\n\t\t\t\t\t\t\n\t\t\t\t\t\t<a href=\"https:\/\/fabricaviridis.com\/wp-content\/uploads\/2024\/05\/1VP_5638-min.jpg\" title=\"\" >\n\t\t\t\t\t\t\t<div class=\"gallery-box\">\n\t\t\t\t\t\t\t\t<div class=\"gallery-img\"> <img decoding=\"async\" width=\"2048\" height=\"1367\" src=\"https:\/\/fabricaviridis.com\/wp-content\/uploads\/2024\/05\/1VP_5638-min.jpg\" class=\"attachment-full size-full wp-image-3086\" alt=\"\" srcset=\"https:\/\/fabricaviridis.com\/wp-content\/uploads\/2024\/05\/1VP_5638-min.jpg 2048w, https:\/\/fabricaviridis.com\/wp-content\/uploads\/2024\/05\/1VP_5638-min-300x200.jpg 300w, https:\/\/fabricaviridis.com\/wp-content\/uploads\/2024\/05\/1VP_5638-min-1024x684.jpg 1024w, https:\/\/fabricaviridis.com\/wp-content\/uploads\/2024\/05\/1VP_5638-min-768x513.jpg 768w, https:\/\/fabricaviridis.com\/wp-content\/uploads\/2024\/05\/1VP_5638-min-1536x1025.jpg 1536w\" sizes=\"(max-width: 2048px) 100vw, 2048px\" \/> <\/div>\n\t\t\t\t\t\t\t<\/div>\t\t\t\t\t\t\t\t\t\n\t\t\t\t\t\t<\/a>\n\t\t\t\t\t\t\n\t\t\t\t\t<\/div>\n\t\t\t    \t\n\t\t\t\n\t\t\t\n\t\t\t\t\n\n        \t\t<\/div>\n\t\t\t\t<\/div>\n\t\t\t\t\t<\/div>\n\t\t<\/div>\n\t\t\t\t\t<\/div>\n\t\t<\/div>\n\t\t\t\t<div class=\"elementor-section elementor-inner-section elementor-element elementor-element-20393561 elementor-section-full_width elementor-section-height-default elementor-section-height-default\" data-id=\"20393561\" data-element_type=\"section\">\n\t\t\t\t\t\t<div class=\"elementor-container elementor-column-gap-narrow\">\n\t\t\t\t\t<div class=\"elementor-column elementor-col-100 elementor-inner-column elementor-element elementor-element-14cf378b\" data-id=\"14cf378b\" data-element_type=\"column\">\n\t\t\t<div class=\"elementor-widget-wrap elementor-element-populated\">\n\t\t\t\t\t\t<div class=\"elementor-element elementor-element-11b5bae7 elementor-widget elementor-widget-bauen-single-img-video\" data-id=\"11b5bae7\" data-element_type=\"widget\" data-widget_type=\"bauen-single-img-video.default\">\n\t\t\t\t<div class=\"elementor-widget-container\">\n\t\t\t\t\t\n\t\t\n\t\t\t\n\t\t\t\t\t\t    \t\t\t\t\n\t\t\t\t\t<div class=\"sec-gallery gallery-item\">\n\t\t\t\t\t\t\n\t\t\t\t\t\t<a href=\"https:\/\/fabricaviridis.com\/wp-content\/uploads\/2024\/05\/1VP_5632-min.jpg\" title=\"\" >\n\t\t\t\t\t\t\t<div class=\"gallery-box\">\n\t\t\t\t\t\t\t\t<div class=\"gallery-img\"> <img decoding=\"async\" width=\"2048\" height=\"1367\" src=\"https:\/\/fabricaviridis.com\/wp-content\/uploads\/2024\/05\/1VP_5632-min.jpg\" class=\"attachment-full size-full wp-image-3085\" alt=\"\" srcset=\"https:\/\/fabricaviridis.com\/wp-content\/uploads\/2024\/05\/1VP_5632-min.jpg 2048w, https:\/\/fabricaviridis.com\/wp-content\/uploads\/2024\/05\/1VP_5632-min-300x200.jpg 300w, https:\/\/fabricaviridis.com\/wp-content\/uploads\/2024\/05\/1VP_5632-min-1024x684.jpg 1024w, https:\/\/fabricaviridis.com\/wp-content\/uploads\/2024\/05\/1VP_5632-min-768x513.jpg 768w, https:\/\/fabricaviridis.com\/wp-content\/uploads\/2024\/05\/1VP_5632-min-1536x1025.jpg 1536w\" sizes=\"(max-width: 2048px) 100vw, 2048px\" \/> <\/div>\n\t\t\t\t\t\t\t<\/div>\t\t\t\t\t\t\t\t\t\n\t\t\t\t\t\t<\/a>\n\t\t\t\t\t\t\n\t\t\t\t\t<\/div>\n\t\t\t    \t\n\t\t\t\n\t\t\t\n\t\t\t\t\n\n        \t\t<\/div>\n\t\t\t\t<\/div>\n\t\t\t\t\t<\/div>\n\t\t<\/div>\n\t\t\t\t\t<\/div>\n\t\t<\/div>\n\t\t\t\t\t<\/div>\n\t\t<\/div>\n\t\t\t\t\t<\/div>\n\t\t<\/section>\n\t\t\t\t<\/div>\n\t\t","protected":false},"excerpt":{"rendered":"<p>Pressen Wir verwenden ein hydraulisches Pressenmodell, das eine Kombination aus handwerklichem K\u00f6nnen und kontinuierlicher Verbesserung ist, um den neuesten technischen Anforderungen zu entsprechen. Wenn Sie sich f\u00fcr den Pressenservice entscheiden, k\u00f6nnen Sie Platten in Nicht-Standardgr\u00f6\u00dfen, Hochdrucklaminat (HPL) auf verschiedene St\u00e4rken von Holzfaserplatten (MDF), Spanplatten (MDP), Sperrholz und anderen Materialien pressen.<\/p>\n","protected":false},"author":1,"featured_media":0,"parent":3987,"menu_order":0,"comment_status":"closed","ping_status":"closed","template":"","meta":{"footnotes":"","_links_to":"","_links_to_target":""},"_links":{"self":[{"href":"https:\/\/fabricaviridis.com\/de\/wp-json\/wp\/v2\/pages\/3981"}],"collection":[{"href":"https:\/\/fabricaviridis.com\/de\/wp-json\/wp\/v2\/pages"}],"about":[{"href":"https:\/\/fabricaviridis.com\/de\/wp-json\/wp\/v2\/types\/page"}],"author":[{"embeddable":true,"href":"https:\/\/fabricaviridis.com\/de\/wp-json\/wp\/v2\/users\/1"}],"replies":[{"embeddable":true,"href":"https:\/\/fabricaviridis.com\/de\/wp-json\/wp\/v2\/comments?post=3981"}],"version-history":[{"count":4,"href":"https:\/\/fabricaviridis.com\/de\/wp-json\/wp\/v2\/pages\/3981\/revisions"}],"predecessor-version":[{"id":4184,"href":"https:\/\/fabricaviridis.com\/de\/wp-json\/wp\/v2\/pages\/3981\/revisions\/4184"}],"up":[{"embeddable":true,"href":"https:\/\/fabricaviridis.com\/de\/wp-json\/wp\/v2\/pages\/3987"}],"wp:attachment":[{"href":"https:\/\/fabricaviridis.com\/de\/wp-json\/wp\/v2\/media?parent=3981"}],"curies":[{"name":"wp","href":"https:\/\/api.w.org\/{rel}","templated":true}]}}