{"id":3982,"date":"2024-04-15T06:04:04","date_gmt":"2024-04-15T06:04:04","guid":{"rendered":"https:\/\/fabricaviridis.com\/cnc-machining\/"},"modified":"2025-02-05T19:21:53","modified_gmt":"2025-02-05T19:21:53","slug":"cnc-machining","status":"publish","type":"page","link":"https:\/\/fabricaviridis.com\/de\/furniture-production\/cnc-machining\/","title":{"rendered":"CNC-Bearbeitung"},"content":{"rendered":"\t\t<div data-elementor-type=\"wp-page\" data-elementor-id=\"3982\" class=\"elementor elementor-3982 elementor-2266\">\n\t\t\t\t\t\t<section class=\"elementor-section elementor-top-section elementor-element elementor-element-4f28e67 elementor-section-full_width elementor-section-height-default elementor-section-height-default\" data-id=\"4f28e67\" data-element_type=\"section\">\n\t\t\t\t\t\t<div class=\"elementor-container elementor-column-gap-no\">\n\t\t\t\t\t<div class=\"elementor-column elementor-col-100 elementor-top-column elementor-element elementor-element-4d6e311b\" data-id=\"4d6e311b\" data-element_type=\"column\">\n\t\t\t<div class=\"elementor-widget-wrap elementor-element-populated\">\n\t\t\t\t\t\t<div class=\"elementor-section elementor-inner-section elementor-element elementor-element-63619cf6 elementor-section-full_width elementor-section-height-default elementor-section-height-default\" data-id=\"63619cf6\" data-element_type=\"section\">\n\t\t\t\t\t\t<div class=\"elementor-container elementor-column-gap-default\">\n\t\t\t\t\t<div class=\"elementor-column elementor-col-100 elementor-inner-column elementor-element elementor-element-33298f01\" data-id=\"33298f01\" data-element_type=\"column\">\n\t\t\t<div class=\"elementor-widget-wrap elementor-element-populated\">\n\t\t\t\t\t\t<div class=\"elementor-element elementor-element-6f822b8c elementor-widget elementor-widget-bauen-title\" data-id=\"6f822b8c\" data-element_type=\"widget\" data-widget_type=\"bauen-title.default\">\n\t\t\t\t<div class=\"elementor-widget-container\">\n\t\t\t\t\t\n\t\t\t\t\t\t\t\t<h2 class=\"section-title2 text-left\">CNC Bearbeitung<\/h2>\n\t\t\t\t\t\t\t\t\t\t\t\n\t\t\n\t\t\t\n        \t\t<\/div>\n\t\t\t\t<\/div>\n\t\t\t\t<div class=\"elementor-element elementor-element-29b4906f elementor-widget elementor-widget-bauen-text\" data-id=\"29b4906f\" data-element_type=\"widget\" data-widget_type=\"bauen-text.default\">\n\t\t\t\t<div class=\"elementor-widget-container\">\n\t\t\t\t\t<div class=\"bn-text-block clear \">\n\t\t<p>Wir verwenden die neueste Homag CENTATEQ P-110 mit automatischer Werkzeugvermessung, die eine h\u00f6here Bearbeitungstechnologie erm\u00f6glicht. Mit CNC-Fr\u00e4smaschinen f\u00fchren wir Fr\u00e4sarbeiten von verschiedenen Platten nach Ihren W\u00fcnschen aus. Wir bereiten Nuten und Vertiefungen f\u00fcr Haushaltsger\u00e4te, Sp\u00fclbecken, Griffmulden oder Mechanismen usw. vor. Wir bieten auch eine gro\u00dfe Auswahl an gefr\u00e4sten F\u00fcllungen an, die wir an Ihre Bed\u00fcrfnisse anpassen.<\/p>\t\t<\/div>\n\t\t\t\t<\/div>\n\t\t\t\t<\/div>\n\t\t\t\t\t<\/div>\n\t\t<\/div>\n\t\t\t\t\t<\/div>\n\t\t<\/div>\n\t\t\t\t<div class=\"elementor-section elementor-inner-section elementor-element elementor-element-33017dae elementor-section-full_width elementor-section-height-default elementor-section-height-default\" data-id=\"33017dae\" data-element_type=\"section\">\n\t\t\t\t\t\t<div class=\"elementor-container elementor-column-gap-narrow\">\n\t\t\t\t\t<div class=\"elementor-column elementor-col-50 elementor-inner-column elementor-element elementor-element-33afbf8c\" data-id=\"33afbf8c\" data-element_type=\"column\">\n\t\t\t<div class=\"elementor-widget-wrap elementor-element-populated\">\n\t\t\t\t\t\t<div class=\"elementor-element elementor-element-49660ab4 elementor-widget elementor-widget-bauen-single-img-video\" data-id=\"49660ab4\" data-element_type=\"widget\" data-widget_type=\"bauen-single-img-video.default\">\n\t\t\t\t<div class=\"elementor-widget-container\">\n\t\t\t\t\t\n\t\t\n\t\t\t\n\t\t\t\t\t\t    \t\t\t\t\n\t\t\t\t\t<div class=\"sec-gallery gallery-item\">\n\t\t\t\t\t\t\n\t\t\t\t\t\t<a href=\"https:\/\/fabricaviridis.com\/wp-content\/uploads\/2024\/05\/ADI_5917-min-scaled.jpg\" title=\"\" class=\"img-zoom-gallery\">\n\t\t\t\t\t\t\t<div class=\"gallery-box\">\n\t\t\t\t\t\t\t\t<div class=\"gallery-img\"> <img fetchpriority=\"high\" decoding=\"async\" width=\"1709\" height=\"2560\" src=\"https:\/\/fabricaviridis.com\/wp-content\/uploads\/2024\/05\/ADI_5917-min-scaled.jpg\" class=\"attachment-full size-full wp-image-3117\" alt=\"\" srcset=\"https:\/\/fabricaviridis.com\/wp-content\/uploads\/2024\/05\/ADI_5917-min-scaled.jpg 1709w, https:\/\/fabricaviridis.com\/wp-content\/uploads\/2024\/05\/ADI_5917-min-200x300.jpg 200w, https:\/\/fabricaviridis.com\/wp-content\/uploads\/2024\/05\/ADI_5917-min-684x1024.jpg 684w, https:\/\/fabricaviridis.com\/wp-content\/uploads\/2024\/05\/ADI_5917-min-768x1150.jpg 768w, https:\/\/fabricaviridis.com\/wp-content\/uploads\/2024\/05\/ADI_5917-min-1025x1536.jpg 1025w, https:\/\/fabricaviridis.com\/wp-content\/uploads\/2024\/05\/ADI_5917-min-1367x2048.jpg 1367w\" sizes=\"(max-width: 1709px) 100vw, 1709px\" \/> <\/div>\n\t\t\t\t\t\t\t<\/div>\t\t\t\t\t\t\t\t\t\n\t\t\t\t\t\t<\/a>\n\t\t\t\t\t\t\n\t\t\t\t\t<\/div>\n\t\t\t    \t\n\t\t\t\n\t\t\t\n\t\t\t\t\n\n        \t\t<\/div>\n\t\t\t\t<\/div>\n\t\t\t\t\t<\/div>\n\t\t<\/div>\n\t\t\t\t<div class=\"elementor-column elementor-col-50 elementor-inner-column elementor-element elementor-element-43c70562\" data-id=\"43c70562\" data-element_type=\"column\">\n\t\t\t<div class=\"elementor-widget-wrap elementor-element-populated\">\n\t\t\t\t\t\t<div class=\"elementor-element elementor-element-7f863135 elementor-widget elementor-widget-bauen-single-img-video\" data-id=\"7f863135\" data-element_type=\"widget\" data-widget_type=\"bauen-single-img-video.default\">\n\t\t\t\t<div class=\"elementor-widget-container\">\n\t\t\t\t\t\n\t\t\n\t\t\t\n\t\t\t\t\t\t    \t\t\t\t\n\t\t\t\t\t<div class=\"sec-gallery gallery-item\">\n\t\t\t\t\t\t\n\t\t\t\t\t\t<a href=\"https:\/\/fabricaviridis.com\/wp-content\/uploads\/2024\/05\/ADI_6023-min-scaled.jpg\" title=\"\" class=\"img-zoom-gallery\">\n\t\t\t\t\t\t\t<div class=\"gallery-box\">\n\t\t\t\t\t\t\t\t<div class=\"gallery-img\"> <img decoding=\"async\" width=\"1709\" height=\"2560\" src=\"https:\/\/fabricaviridis.com\/wp-content\/uploads\/2024\/05\/ADI_6023-min-scaled.jpg\" class=\"attachment-full size-full wp-image-3118\" alt=\"\" srcset=\"https:\/\/fabricaviridis.com\/wp-content\/uploads\/2024\/05\/ADI_6023-min-scaled.jpg 1709w, https:\/\/fabricaviridis.com\/wp-content\/uploads\/2024\/05\/ADI_6023-min-200x300.jpg 200w, https:\/\/fabricaviridis.com\/wp-content\/uploads\/2024\/05\/ADI_6023-min-684x1024.jpg 684w, https:\/\/fabricaviridis.com\/wp-content\/uploads\/2024\/05\/ADI_6023-min-768x1150.jpg 768w, https:\/\/fabricaviridis.com\/wp-content\/uploads\/2024\/05\/ADI_6023-min-1025x1536.jpg 1025w, https:\/\/fabricaviridis.com\/wp-content\/uploads\/2024\/05\/ADI_6023-min-1367x2048.jpg 1367w\" sizes=\"(max-width: 1709px) 100vw, 1709px\" \/> <\/div>\n\t\t\t\t\t\t\t<\/div>\t\t\t\t\t\t\t\t\t\n\t\t\t\t\t\t<\/a>\n\t\t\t\t\t\t\n\t\t\t\t\t<\/div>\n\t\t\t    \t\n\t\t\t\n\t\t\t\n\t\t\t\t\n\n        \t\t<\/div>\n\t\t\t\t<\/div>\n\t\t\t\t\t<\/div>\n\t\t<\/div>\n\t\t\t\t\t<\/div>\n\t\t<\/div>\n\t\t\t\t<div class=\"elementor-section elementor-inner-section elementor-element elementor-element-65e9627c elementor-section-full_width elementor-section-height-default elementor-section-height-default\" data-id=\"65e9627c\" data-element_type=\"section\">\n\t\t\t\t\t\t<div class=\"elementor-container elementor-column-gap-narrow\">\n\t\t\t\t\t<div class=\"elementor-column elementor-col-100 elementor-inner-column elementor-element elementor-element-4f422757\" data-id=\"4f422757\" data-element_type=\"column\">\n\t\t\t<div class=\"elementor-widget-wrap elementor-element-populated\">\n\t\t\t\t\t\t<div class=\"elementor-element elementor-element-55524119 elementor-widget elementor-widget-bauen-single-img-video\" data-id=\"55524119\" data-element_type=\"widget\" data-widget_type=\"bauen-single-img-video.default\">\n\t\t\t\t<div class=\"elementor-widget-container\">\n\t\t\t\t\t\n\t\t\n\t\t\t\n\t\t\t\t\t\t    \t\t\t\t\n\t\t\t\t\t<div class=\"sec-gallery gallery-item\">\n\t\t\t\t\t\t\n\t\t\t\t\t\t<a href=\"https:\/\/fabricaviridis.com\/wp-content\/uploads\/2024\/05\/ADI_5777-min-scaled.jpg\" title=\"\" class=\"img-zoom-gallery\">\n\t\t\t\t\t\t\t<div class=\"gallery-box\">\n\t\t\t\t\t\t\t\t<div class=\"gallery-img\"> <img decoding=\"async\" width=\"2560\" height=\"1709\" src=\"https:\/\/fabricaviridis.com\/wp-content\/uploads\/2024\/05\/ADI_5777-min-scaled.jpg\" class=\"attachment-full size-full wp-image-3115\" alt=\"\" srcset=\"https:\/\/fabricaviridis.com\/wp-content\/uploads\/2024\/05\/ADI_5777-min-scaled.jpg 2560w, https:\/\/fabricaviridis.com\/wp-content\/uploads\/2024\/05\/ADI_5777-min-300x200.jpg 300w, https:\/\/fabricaviridis.com\/wp-content\/uploads\/2024\/05\/ADI_5777-min-1024x684.jpg 1024w, https:\/\/fabricaviridis.com\/wp-content\/uploads\/2024\/05\/ADI_5777-min-768x513.jpg 768w, https:\/\/fabricaviridis.com\/wp-content\/uploads\/2024\/05\/ADI_5777-min-1536x1025.jpg 1536w, https:\/\/fabricaviridis.com\/wp-content\/uploads\/2024\/05\/ADI_5777-min-2048x1367.jpg 2048w\" sizes=\"(max-width: 2560px) 100vw, 2560px\" \/> <\/div>\n\t\t\t\t\t\t\t<\/div>\t\t\t\t\t\t\t\t\t\n\t\t\t\t\t\t<\/a>\n\t\t\t\t\t\t\n\t\t\t\t\t<\/div>\n\t\t\t    \t\n\t\t\t\n\t\t\t\n\t\t\t\t\n\n        \t\t<\/div>\n\t\t\t\t<\/div>\n\t\t\t\t\t<\/div>\n\t\t<\/div>\n\t\t\t\t\t<\/div>\n\t\t<\/div>\n\t\t\t\t\t<\/div>\n\t\t<\/div>\n\t\t\t\t\t<\/div>\n\t\t<\/section>\n\t\t\t\t<\/div>\n\t\t","protected":false},"excerpt":{"rendered":"<p>CNC Bearbeitung Wir verwenden die neueste Homag CENTATEQ P-110 mit automatischer Werkzeugvermessung, die eine h\u00f6here Bearbeitungstechnologie erm\u00f6glicht. Mit CNC-Fr\u00e4smaschinen f\u00fchren wir Fr\u00e4sarbeiten von verschiedenen Platten nach Ihren W\u00fcnschen aus. Wir bereiten Nuten und Vertiefungen f\u00fcr Haushaltsger\u00e4te, Sp\u00fclbecken, Griffmulden oder Mechanismen usw. vor. Wir bieten auch eine gro\u00dfe Auswahl an gefr\u00e4sten F\u00fcllungen an, die wir an Ihre Bed\u00fcrfnisse anpassen.<\/p>\n","protected":false},"author":1,"featured_media":0,"parent":3987,"menu_order":0,"comment_status":"closed","ping_status":"closed","template":"","meta":{"footnotes":"","_links_to":"","_links_to_target":""},"_links":{"self":[{"href":"https:\/\/fabricaviridis.com\/de\/wp-json\/wp\/v2\/pages\/3982"}],"collection":[{"href":"https:\/\/fabricaviridis.com\/de\/wp-json\/wp\/v2\/pages"}],"about":[{"href":"https:\/\/fabricaviridis.com\/de\/wp-json\/wp\/v2\/types\/page"}],"author":[{"embeddable":true,"href":"https:\/\/fabricaviridis.com\/de\/wp-json\/wp\/v2\/users\/1"}],"replies":[{"embeddable":true,"href":"https:\/\/fabricaviridis.com\/de\/wp-json\/wp\/v2\/comments?post=3982"}],"version-history":[{"count":4,"href":"https:\/\/fabricaviridis.com\/de\/wp-json\/wp\/v2\/pages\/3982\/revisions"}],"predecessor-version":[{"id":4193,"href":"https:\/\/fabricaviridis.com\/de\/wp-json\/wp\/v2\/pages\/3982\/revisions\/4193"}],"up":[{"embeddable":true,"href":"https:\/\/fabricaviridis.com\/de\/wp-json\/wp\/v2\/pages\/3987"}],"wp:attachment":[{"href":"https:\/\/fabricaviridis.com\/de\/wp-json\/wp\/v2\/media?parent=3982"}],"curies":[{"name":"wp","href":"https:\/\/api.w.org\/{rel}","templated":true}]}}