{"id":3984,"date":"2024-04-15T06:01:15","date_gmt":"2024-04-15T06:01:15","guid":{"rendered":"https:\/\/fabricaviridis.com\/cutting-and-drilling\/"},"modified":"2025-02-05T19:21:28","modified_gmt":"2025-02-05T19:21:28","slug":"cutting-and-drilling","status":"publish","type":"page","link":"https:\/\/fabricaviridis.com\/de\/furniture-production\/cutting-and-drilling\/","title":{"rendered":"Schneiden und Bohren"},"content":{"rendered":"\t\t<div data-elementor-type=\"wp-page\" data-elementor-id=\"3984\" class=\"elementor elementor-3984 elementor-2259\">\n\t\t\t\t\t\t<section class=\"elementor-section elementor-top-section elementor-element elementor-element-5ff5d4a8 elementor-section-full_width elementor-section-height-default elementor-section-height-default\" data-id=\"5ff5d4a8\" data-element_type=\"section\">\n\t\t\t\t\t\t<div class=\"elementor-container elementor-column-gap-no\">\n\t\t\t\t\t<div class=\"elementor-column elementor-col-100 elementor-top-column elementor-element elementor-element-3395d04e\" data-id=\"3395d04e\" data-element_type=\"column\">\n\t\t\t<div class=\"elementor-widget-wrap elementor-element-populated\">\n\t\t\t\t\t\t<div class=\"elementor-section elementor-inner-section elementor-element elementor-element-492a0860 elementor-section-full_width elementor-section-height-default elementor-section-height-default\" data-id=\"492a0860\" data-element_type=\"section\">\n\t\t\t\t\t\t<div class=\"elementor-container elementor-column-gap-default\">\n\t\t\t\t\t<div class=\"elementor-column elementor-col-100 elementor-inner-column elementor-element elementor-element-31905207\" data-id=\"31905207\" data-element_type=\"column\">\n\t\t\t<div class=\"elementor-widget-wrap elementor-element-populated\">\n\t\t\t\t\t\t<div class=\"elementor-element elementor-element-381907aa elementor-widget elementor-widget-bauen-title\" data-id=\"381907aa\" data-element_type=\"widget\" data-widget_type=\"bauen-title.default\">\n\t\t\t\t<div class=\"elementor-widget-container\">\n\t\t\t\t\t\n\t\t\t\t\t\t\t\t<h2 class=\"section-title2 text-left\">Schneiden und Bohren<\/h2>\n\t\t\t\t\t\t\t\t\t\t\t\n\t\t\n\t\t\t\n        \t\t<\/div>\n\t\t\t\t<\/div>\n\t\t\t\t<div class=\"elementor-element elementor-element-20e2e874 elementor-widget elementor-widget-bauen-text\" data-id=\"20e2e874\" data-element_type=\"widget\" data-widget_type=\"bauen-text.default\">\n\t\t\t\t<div class=\"elementor-widget-container\">\n\t\t\t\t\t<div class=\"bn-text-block clear \">\n\t\t<p>Der Plattenzuschnitt erfolgt mit der 2021 produzierten HOMAG SAWTEQ B-300, die mit der INTELLIGUIDE ADVANCED Technologie ausgestattet ist, um eine optimale Schnittzeit zu gew\u00e4hrleisten und damit die Produktionseffizienz zu steigern. Das System stellt sicher, dass das Werkst\u00fcck genau an der gew\u00fcnschten Schnittposition positioniert wird, wodurch die Schnittgenauigkeit erh\u00f6ht und die Bearbeitungszeit reduziert wird.<\/p><p>Homag DRILLTEQ V-200, hergestellt im Jahr 2021, wird f\u00fcr Bohrarbeiten eingesetzt, die eine hohe Genauigkeit der gebohrten Teile bei gleichzeitig hoher Produktionseffizienz gew\u00e4hrleisten. Diese Bohranlagen k\u00f6nnen leicht an eine automatisierte Linie angeschlossen werden, was die Genauigkeit der Teilebasis erh\u00f6ht und eine ununterbrochene Arbeit beim Bohren nicht nur von Serienteilen, sondern auch von kleinen Auftr\u00e4gen und Einzelauftr\u00e4gen gew\u00e4hrleistet.<\/p>\t\t<\/div>\n\t\t\t\t<\/div>\n\t\t\t\t<\/div>\n\t\t\t\t\t<\/div>\n\t\t<\/div>\n\t\t\t\t\t<\/div>\n\t\t<\/div>\n\t\t\t\t<div class=\"elementor-section elementor-inner-section elementor-element elementor-element-4c761b66 elementor-section-full_width elementor-section-height-default elementor-section-height-default\" data-id=\"4c761b66\" data-element_type=\"section\">\n\t\t\t\t\t\t<div class=\"elementor-container elementor-column-gap-narrow\">\n\t\t\t\t\t<div class=\"elementor-column elementor-col-50 elementor-inner-column elementor-element elementor-element-16406d69\" data-id=\"16406d69\" data-element_type=\"column\">\n\t\t\t<div class=\"elementor-widget-wrap elementor-element-populated\">\n\t\t\t\t\t\t<div class=\"elementor-element elementor-element-7b1192bc elementor-widget elementor-widget-bauen-single-img-video\" data-id=\"7b1192bc\" data-element_type=\"widget\" data-widget_type=\"bauen-single-img-video.default\">\n\t\t\t\t<div class=\"elementor-widget-container\">\n\t\t\t\t\t\n\t\t\n\t\t\t\n\t\t\t\t\t\t    \t\t\t\t\n\t\t\t\t\t<div class=\"sec-gallery gallery-item\">\n\t\t\t\t\t\t\n\t\t\t\t\t\t<a href=\"https:\/\/fabricaviridis.com\/wp-content\/uploads\/2024\/05\/ADI_6012-min-scaled.jpg\" title=\"\" class=\"img-zoom-gallery\">\n\t\t\t\t\t\t\t<div class=\"gallery-box\">\n\t\t\t\t\t\t\t\t<div class=\"gallery-img\"> <img fetchpriority=\"high\" decoding=\"async\" width=\"2560\" height=\"1710\" src=\"https:\/\/fabricaviridis.com\/wp-content\/uploads\/2024\/05\/ADI_6012-min-scaled.jpg\" class=\"attachment-full size-full wp-image-3107\" alt=\"\" srcset=\"https:\/\/fabricaviridis.com\/wp-content\/uploads\/2024\/05\/ADI_6012-min-scaled.jpg 2560w, https:\/\/fabricaviridis.com\/wp-content\/uploads\/2024\/05\/ADI_6012-min-300x200.jpg 300w, https:\/\/fabricaviridis.com\/wp-content\/uploads\/2024\/05\/ADI_6012-min-1024x684.jpg 1024w, https:\/\/fabricaviridis.com\/wp-content\/uploads\/2024\/05\/ADI_6012-min-768x513.jpg 768w, https:\/\/fabricaviridis.com\/wp-content\/uploads\/2024\/05\/ADI_6012-min-1536x1026.jpg 1536w, https:\/\/fabricaviridis.com\/wp-content\/uploads\/2024\/05\/ADI_6012-min-2048x1368.jpg 2048w\" sizes=\"(max-width: 2560px) 100vw, 2560px\" \/> <\/div>\n\t\t\t\t\t\t\t<\/div>\t\t\t\t\t\t\t\t\t\n\t\t\t\t\t\t<\/a>\n\t\t\t\t\t\t\n\t\t\t\t\t<\/div>\n\t\t\t    \t\n\t\t\t\n\t\t\t\n\t\t\t\t\n\n        \t\t<\/div>\n\t\t\t\t<\/div>\n\t\t\t\t\t<\/div>\n\t\t<\/div>\n\t\t\t\t<div class=\"elementor-column elementor-col-50 elementor-inner-column elementor-element elementor-element-3cdf5cc2\" data-id=\"3cdf5cc2\" data-element_type=\"column\">\n\t\t\t<div class=\"elementor-widget-wrap elementor-element-populated\">\n\t\t\t\t\t\t<div class=\"elementor-element elementor-element-41898455 elementor-widget elementor-widget-bauen-single-img-video\" data-id=\"41898455\" data-element_type=\"widget\" data-widget_type=\"bauen-single-img-video.default\">\n\t\t\t\t<div class=\"elementor-widget-container\">\n\t\t\t\t\t\n\t\t\n\t\t\t\n\t\t\t\t\t\t    \t\t\t\t\n\t\t\t\t\t<div class=\"sec-gallery gallery-item\">\n\t\t\t\t\t\t\n\t\t\t\t\t\t<a href=\"https:\/\/fabricaviridis.com\/wp-content\/uploads\/2024\/05\/ADI_6010-min-scaled.jpg\" title=\"\" class=\"img-zoom-gallery\">\n\t\t\t\t\t\t\t<div class=\"gallery-box\">\n\t\t\t\t\t\t\t\t<div class=\"gallery-img\"> <img decoding=\"async\" width=\"2560\" height=\"1709\" src=\"https:\/\/fabricaviridis.com\/wp-content\/uploads\/2024\/05\/ADI_6010-min-scaled.jpg\" class=\"attachment-full size-full wp-image-3106\" alt=\"\" srcset=\"https:\/\/fabricaviridis.com\/wp-content\/uploads\/2024\/05\/ADI_6010-min-scaled.jpg 2560w, https:\/\/fabricaviridis.com\/wp-content\/uploads\/2024\/05\/ADI_6010-min-300x200.jpg 300w, https:\/\/fabricaviridis.com\/wp-content\/uploads\/2024\/05\/ADI_6010-min-1024x684.jpg 1024w, https:\/\/fabricaviridis.com\/wp-content\/uploads\/2024\/05\/ADI_6010-min-768x513.jpg 768w, https:\/\/fabricaviridis.com\/wp-content\/uploads\/2024\/05\/ADI_6010-min-1536x1025.jpg 1536w, https:\/\/fabricaviridis.com\/wp-content\/uploads\/2024\/05\/ADI_6010-min-2048x1367.jpg 2048w\" sizes=\"(max-width: 2560px) 100vw, 2560px\" \/> <\/div>\n\t\t\t\t\t\t\t<\/div>\t\t\t\t\t\t\t\t\t\n\t\t\t\t\t\t<\/a>\n\t\t\t\t\t\t\n\t\t\t\t\t<\/div>\n\t\t\t    \t\n\t\t\t\n\t\t\t\n\t\t\t\t\n\n        \t\t<\/div>\n\t\t\t\t<\/div>\n\t\t\t\t\t<\/div>\n\t\t<\/div>\n\t\t\t\t\t<\/div>\n\t\t<\/div>\n\t\t\t\t<div class=\"elementor-section elementor-inner-section elementor-element elementor-element-6e9d758e elementor-section-full_width elementor-section-height-default elementor-section-height-default\" data-id=\"6e9d758e\" data-element_type=\"section\">\n\t\t\t\t\t\t<div class=\"elementor-container elementor-column-gap-narrow\">\n\t\t\t\t\t<div class=\"elementor-column elementor-col-100 elementor-inner-column elementor-element elementor-element-7a62248\" data-id=\"7a62248\" data-element_type=\"column\">\n\t\t\t<div class=\"elementor-widget-wrap elementor-element-populated\">\n\t\t\t\t\t\t<div class=\"elementor-element elementor-element-1f5e6c22 elementor-widget elementor-widget-bauen-single-img-video\" data-id=\"1f5e6c22\" data-element_type=\"widget\" data-widget_type=\"bauen-single-img-video.default\">\n\t\t\t\t<div class=\"elementor-widget-container\">\n\t\t\t\t\t\n\t\t\n\t\t\t\n\t\t\t\t\t\t    \t\t\t\t\n\t\t\t\t\t<div class=\"sec-gallery gallery-item\">\n\t\t\t\t\t\t\n\t\t\t\t\t\t<a href=\"https:\/\/fabricaviridis.com\/wp-content\/uploads\/2024\/05\/ADI_5840-min-scaled.jpg\" title=\"\" class=\"img-zoom-gallery\">\n\t\t\t\t\t\t\t<div class=\"gallery-box\">\n\t\t\t\t\t\t\t\t<div class=\"gallery-img\"> <img decoding=\"async\" width=\"2560\" height=\"1709\" src=\"https:\/\/fabricaviridis.com\/wp-content\/uploads\/2024\/05\/ADI_5840-min-scaled.jpg\" class=\"attachment-full size-full wp-image-3104\" alt=\"\" srcset=\"https:\/\/fabricaviridis.com\/wp-content\/uploads\/2024\/05\/ADI_5840-min-scaled.jpg 2560w, https:\/\/fabricaviridis.com\/wp-content\/uploads\/2024\/05\/ADI_5840-min-300x200.jpg 300w, https:\/\/fabricaviridis.com\/wp-content\/uploads\/2024\/05\/ADI_5840-min-1024x684.jpg 1024w, https:\/\/fabricaviridis.com\/wp-content\/uploads\/2024\/05\/ADI_5840-min-768x513.jpg 768w, https:\/\/fabricaviridis.com\/wp-content\/uploads\/2024\/05\/ADI_5840-min-1536x1025.jpg 1536w, https:\/\/fabricaviridis.com\/wp-content\/uploads\/2024\/05\/ADI_5840-min-2048x1367.jpg 2048w\" sizes=\"(max-width: 2560px) 100vw, 2560px\" \/> <\/div>\n\t\t\t\t\t\t\t<\/div>\t\t\t\t\t\t\t\t\t\n\t\t\t\t\t\t<\/a>\n\t\t\t\t\t\t\n\t\t\t\t\t<\/div>\n\t\t\t    \t\n\t\t\t\n\t\t\t\n\t\t\t\t\n\n        \t\t<\/div>\n\t\t\t\t<\/div>\n\t\t\t\t\t<\/div>\n\t\t<\/div>\n\t\t\t\t\t<\/div>\n\t\t<\/div>\n\t\t\t\t\t<\/div>\n\t\t<\/div>\n\t\t\t\t\t<\/div>\n\t\t<\/section>\n\t\t\t\t<\/div>\n\t\t","protected":false},"excerpt":{"rendered":"<p>Schneiden und Bohren Der Plattenzuschnitt erfolgt mit der 2021 produzierten HOMAG SAWTEQ B-300, die mit der INTELLIGUIDE ADVANCED Technologie ausgestattet ist, um eine optimale Schnittzeit zu gew\u00e4hrleisten und damit die Produktionseffizienz zu steigern. Das System stellt sicher, dass das Werkst\u00fcck genau an der gew\u00fcnschten Schnittposition positioniert wird, wodurch die Schnittgenauigkeit erh\u00f6ht und die Bearbeitungszeit reduziert wird. Homag DRILLTEQ V-200, hergestellt&#8230;<\/p>\n","protected":false},"author":1,"featured_media":0,"parent":3987,"menu_order":0,"comment_status":"closed","ping_status":"closed","template":"","meta":{"footnotes":"","_links_to":"","_links_to_target":""},"_links":{"self":[{"href":"https:\/\/fabricaviridis.com\/de\/wp-json\/wp\/v2\/pages\/3984"}],"collection":[{"href":"https:\/\/fabricaviridis.com\/de\/wp-json\/wp\/v2\/pages"}],"about":[{"href":"https:\/\/fabricaviridis.com\/de\/wp-json\/wp\/v2\/types\/page"}],"author":[{"embeddable":true,"href":"https:\/\/fabricaviridis.com\/de\/wp-json\/wp\/v2\/users\/1"}],"replies":[{"embeddable":true,"href":"https:\/\/fabricaviridis.com\/de\/wp-json\/wp\/v2\/comments?post=3984"}],"version-history":[{"count":4,"href":"https:\/\/fabricaviridis.com\/de\/wp-json\/wp\/v2\/pages\/3984\/revisions"}],"predecessor-version":[{"id":4190,"href":"https:\/\/fabricaviridis.com\/de\/wp-json\/wp\/v2\/pages\/3984\/revisions\/4190"}],"up":[{"embeddable":true,"href":"https:\/\/fabricaviridis.com\/de\/wp-json\/wp\/v2\/pages\/3987"}],"wp:attachment":[{"href":"https:\/\/fabricaviridis.com\/de\/wp-json\/wp\/v2\/media?parent=3984"}],"curies":[{"name":"wp","href":"https:\/\/api.w.org\/{rel}","templated":true}]}}