{"id":3985,"date":"2024-04-15T05:58:11","date_gmt":"2024-04-15T05:58:11","guid":{"rendered":"https:\/\/fabricaviridis.com\/designing-and-prie-assembling\/"},"modified":"2025-02-05T19:23:01","modified_gmt":"2025-02-05T19:23:01","slug":"designing-and-prie-assembling","status":"publish","type":"page","link":"https:\/\/fabricaviridis.com\/de\/furniture-production\/designing-and-prie-assembling\/","title":{"rendered":"Entwerfen und Zusammenstellen von Vorschl\u00e4gen"},"content":{"rendered":"\t\t<div data-elementor-type=\"wp-page\" data-elementor-id=\"3985\" class=\"elementor elementor-3985 elementor-2254\">\n\t\t\t\t\t\t<section class=\"elementor-section elementor-top-section elementor-element elementor-element-12cfe150 elementor-section-full_width elementor-section-height-default elementor-section-height-default\" data-id=\"12cfe150\" data-element_type=\"section\">\n\t\t\t\t\t\t<div class=\"elementor-container elementor-column-gap-no\">\n\t\t\t\t\t<div class=\"elementor-column elementor-col-100 elementor-top-column elementor-element elementor-element-11f9c0f1\" data-id=\"11f9c0f1\" data-element_type=\"column\">\n\t\t\t<div class=\"elementor-widget-wrap elementor-element-populated\">\n\t\t\t\t\t\t<div class=\"elementor-section elementor-inner-section elementor-element elementor-element-68776d4a elementor-section-full_width elementor-section-height-default elementor-section-height-default\" data-id=\"68776d4a\" data-element_type=\"section\">\n\t\t\t\t\t\t<div class=\"elementor-container elementor-column-gap-default\">\n\t\t\t\t\t<div class=\"elementor-column elementor-col-100 elementor-inner-column elementor-element elementor-element-295931ad\" data-id=\"295931ad\" data-element_type=\"column\">\n\t\t\t<div class=\"elementor-widget-wrap elementor-element-populated\">\n\t\t\t\t\t\t<div class=\"elementor-element elementor-element-74dac978 elementor-widget elementor-widget-bauen-title\" data-id=\"74dac978\" data-element_type=\"widget\" data-widget_type=\"bauen-title.default\">\n\t\t\t\t<div class=\"elementor-widget-container\">\n\t\t\t\t\t\n\t\t\t\t\t\t\t\t<h2 class=\"section-title2 text-left\">Entwerfen und Vormontieren<\/h2>\n\t\t\t\t\t\t\t\t\t\t\t\n\t\t\n\t\t\t\n        \t\t<\/div>\n\t\t\t\t<\/div>\n\t\t\t\t<div class=\"elementor-element elementor-element-709c8217 elementor-widget elementor-widget-bauen-text\" data-id=\"709c8217\" data-element_type=\"widget\" data-widget_type=\"bauen-text.default\">\n\t\t\t\t<div class=\"elementor-widget-container\">\n\t\t\t\t\t<div class=\"bn-text-block clear \">\n\t\t<p>Ein Team von professionellen Designern sorgt f\u00fcr die richtigen Designl\u00f6sungen. Hier verwandeln sich die Visualisierungen des Designers in technische Zeichnungen, die sowohl die Qualit\u00e4t der M\u00f6bel als auch den Herstellungsprozess sicherstellen. Wir entwerfen ImosCAD-Software, modulare und nicht standardisierte M\u00f6bel mit Metall- und Glaskomponenten. Wir sind immer bereit, die beste L\u00f6sung zu finden.<\/p><p>Bei Auftr\u00e4gen, die von unseren Designern entworfen werden, f\u00fchren wir eine Teilmontage der M\u00f6bel durch. Dies erm\u00f6glicht eine zus\u00e4tzliche Qualit\u00e4tskontrolle und verk\u00fcrzt somit die Projektlaufzeit.<\/p>\t\t<\/div>\n\t\t\t\t<\/div>\n\t\t\t\t<\/div>\n\t\t\t\t\t<\/div>\n\t\t<\/div>\n\t\t\t\t\t<\/div>\n\t\t<\/div>\n\t\t\t\t<div class=\"elementor-section elementor-inner-section elementor-element elementor-element-4d1887d0 elementor-section-full_width elementor-section-height-default elementor-section-height-default\" data-id=\"4d1887d0\" data-element_type=\"section\">\n\t\t\t\t\t\t<div class=\"elementor-container elementor-column-gap-narrow\">\n\t\t\t\t\t<div class=\"elementor-column elementor-col-50 elementor-inner-column elementor-element elementor-element-22f65379\" data-id=\"22f65379\" data-element_type=\"column\">\n\t\t\t<div class=\"elementor-widget-wrap elementor-element-populated\">\n\t\t\t\t\t\t<div class=\"elementor-element elementor-element-7f53eec2 elementor-widget elementor-widget-bauen-single-img-video\" data-id=\"7f53eec2\" data-element_type=\"widget\" data-widget_type=\"bauen-single-img-video.default\">\n\t\t\t\t<div class=\"elementor-widget-container\">\n\t\t\t\t\t\n\t\t\n\t\t\t\n\t\t\t\t\t\t    \t\t\t\t\n\t\t\t\t\t<div class=\"sec-gallery gallery-item\">\n\t\t\t\t\t\t\n\t\t\t\t\t\t<a href=\"https:\/\/fabricaviridis.com\/wp-content\/uploads\/2024\/05\/1VP_5908-min.jpg\" title=\"\" >\n\t\t\t\t\t\t\t<div class=\"gallery-box\">\n\t\t\t\t\t\t\t\t<div class=\"gallery-img\"> <img fetchpriority=\"high\" decoding=\"async\" width=\"2048\" height=\"1367\" src=\"https:\/\/fabricaviridis.com\/wp-content\/uploads\/2024\/05\/1VP_5908-min.jpg\" class=\"attachment-full size-full wp-image-3068\" alt=\"\" srcset=\"https:\/\/fabricaviridis.com\/wp-content\/uploads\/2024\/05\/1VP_5908-min.jpg 2048w, https:\/\/fabricaviridis.com\/wp-content\/uploads\/2024\/05\/1VP_5908-min-300x200.jpg 300w, https:\/\/fabricaviridis.com\/wp-content\/uploads\/2024\/05\/1VP_5908-min-1024x684.jpg 1024w, https:\/\/fabricaviridis.com\/wp-content\/uploads\/2024\/05\/1VP_5908-min-768x513.jpg 768w, https:\/\/fabricaviridis.com\/wp-content\/uploads\/2024\/05\/1VP_5908-min-1536x1025.jpg 1536w\" sizes=\"(max-width: 2048px) 100vw, 2048px\" \/> <\/div>\n\t\t\t\t\t\t\t<\/div>\t\t\t\t\t\t\t\t\t\n\t\t\t\t\t\t<\/a>\n\t\t\t\t\t\t\n\t\t\t\t\t<\/div>\n\t\t\t    \t\n\t\t\t\n\t\t\t\n\t\t\t\t\n\n        \t\t<\/div>\n\t\t\t\t<\/div>\n\t\t\t\t\t<\/div>\n\t\t<\/div>\n\t\t\t\t<div class=\"elementor-column elementor-col-50 elementor-inner-column elementor-element elementor-element-600b3263\" data-id=\"600b3263\" data-element_type=\"column\">\n\t\t\t<div class=\"elementor-widget-wrap elementor-element-populated\">\n\t\t\t\t\t\t<div class=\"elementor-element elementor-element-445f7715 elementor-widget elementor-widget-bauen-single-img-video\" data-id=\"445f7715\" data-element_type=\"widget\" data-widget_type=\"bauen-single-img-video.default\">\n\t\t\t\t<div class=\"elementor-widget-container\">\n\t\t\t\t\t\n\t\t\n\t\t\t\n\t\t\t\t\t\t    \t\t\t\t\n\t\t\t\t\t<div class=\"sec-gallery gallery-item\">\n\t\t\t\t\t\t\n\t\t\t\t\t\t<a href=\"https:\/\/fabricaviridis.com\/wp-content\/uploads\/2024\/05\/Nuotrauka5-min-scaled.jpg\" title=\"\" >\n\t\t\t\t\t\t\t<div class=\"gallery-box\">\n\t\t\t\t\t\t\t\t<div class=\"gallery-img\"> <img decoding=\"async\" width=\"2560\" height=\"1707\" src=\"https:\/\/fabricaviridis.com\/wp-content\/uploads\/2024\/05\/Nuotrauka5-min-scaled.jpg\" class=\"attachment-full size-full wp-image-3067\" alt=\"\" srcset=\"https:\/\/fabricaviridis.com\/wp-content\/uploads\/2024\/05\/Nuotrauka5-min-scaled.jpg 2560w, https:\/\/fabricaviridis.com\/wp-content\/uploads\/2024\/05\/Nuotrauka5-min-300x200.jpg 300w, https:\/\/fabricaviridis.com\/wp-content\/uploads\/2024\/05\/Nuotrauka5-min-1024x683.jpg 1024w, https:\/\/fabricaviridis.com\/wp-content\/uploads\/2024\/05\/Nuotrauka5-min-768x512.jpg 768w, https:\/\/fabricaviridis.com\/wp-content\/uploads\/2024\/05\/Nuotrauka5-min-1536x1024.jpg 1536w, https:\/\/fabricaviridis.com\/wp-content\/uploads\/2024\/05\/Nuotrauka5-min-2048x1365.jpg 2048w\" sizes=\"(max-width: 2560px) 100vw, 2560px\" \/> <\/div>\n\t\t\t\t\t\t\t<\/div>\t\t\t\t\t\t\t\t\t\n\t\t\t\t\t\t<\/a>\n\t\t\t\t\t\t\n\t\t\t\t\t<\/div>\n\t\t\t    \t\n\t\t\t\n\t\t\t\n\t\t\t\t\n\n        \t\t<\/div>\n\t\t\t\t<\/div>\n\t\t\t\t\t<\/div>\n\t\t<\/div>\n\t\t\t\t\t<\/div>\n\t\t<\/div>\n\t\t\t\t<div class=\"elementor-section elementor-inner-section elementor-element elementor-element-67a3383d elementor-section-full_width elementor-section-height-default elementor-section-height-default\" data-id=\"67a3383d\" data-element_type=\"section\">\n\t\t\t\t\t\t<div class=\"elementor-container elementor-column-gap-narrow\">\n\t\t\t\t\t<div class=\"elementor-column elementor-col-100 elementor-inner-column elementor-element elementor-element-2693c8f1\" data-id=\"2693c8f1\" data-element_type=\"column\">\n\t\t\t<div class=\"elementor-widget-wrap elementor-element-populated\">\n\t\t\t\t\t\t<div class=\"elementor-element elementor-element-32a815a elementor-widget elementor-widget-bauen-single-img-video\" data-id=\"32a815a\" data-element_type=\"widget\" data-widget_type=\"bauen-single-img-video.default\">\n\t\t\t\t<div class=\"elementor-widget-container\">\n\t\t\t\t\t\n\t\t\n\t\t\t\n\t\t\t\t\t\t    \t\t\t\t\n\t\t\t\t\t<div class=\"sec-gallery gallery-item\">\n\t\t\t\t\t\t\n\t\t\t\t\t\t<a href=\"https:\/\/fabricaviridis.com\/wp-content\/uploads\/2024\/05\/Nuotrauka-10-min-scaled.jpg\" title=\"\" >\n\t\t\t\t\t\t\t<div class=\"gallery-box\">\n\t\t\t\t\t\t\t\t<div class=\"gallery-img\"> <img decoding=\"async\" width=\"2560\" height=\"1707\" src=\"https:\/\/fabricaviridis.com\/wp-content\/uploads\/2024\/05\/Nuotrauka-10-min-scaled.jpg\" class=\"attachment-full size-full wp-image-3065\" alt=\"\" srcset=\"https:\/\/fabricaviridis.com\/wp-content\/uploads\/2024\/05\/Nuotrauka-10-min-scaled.jpg 2560w, https:\/\/fabricaviridis.com\/wp-content\/uploads\/2024\/05\/Nuotrauka-10-min-300x200.jpg 300w, https:\/\/fabricaviridis.com\/wp-content\/uploads\/2024\/05\/Nuotrauka-10-min-1024x683.jpg 1024w, https:\/\/fabricaviridis.com\/wp-content\/uploads\/2024\/05\/Nuotrauka-10-min-768x512.jpg 768w, https:\/\/fabricaviridis.com\/wp-content\/uploads\/2024\/05\/Nuotrauka-10-min-1536x1024.jpg 1536w, https:\/\/fabricaviridis.com\/wp-content\/uploads\/2024\/05\/Nuotrauka-10-min-2048x1365.jpg 2048w\" sizes=\"(max-width: 2560px) 100vw, 2560px\" \/> <\/div>\n\t\t\t\t\t\t\t<\/div>\t\t\t\t\t\t\t\t\t\n\t\t\t\t\t\t<\/a>\n\t\t\t\t\t\t\n\t\t\t\t\t<\/div>\n\t\t\t    \t\n\t\t\t\n\t\t\t\n\t\t\t\t\n\n        \t\t<\/div>\n\t\t\t\t<\/div>\n\t\t\t\t\t<\/div>\n\t\t<\/div>\n\t\t\t\t\t<\/div>\n\t\t<\/div>\n\t\t\t\t\t<\/div>\n\t\t<\/div>\n\t\t\t\t\t<\/div>\n\t\t<\/section>\n\t\t\t\t<\/div>\n\t\t","protected":false},"excerpt":{"rendered":"<p>Entwerfen und Vormontieren Ein Team von professionellen Designern sorgt f\u00fcr die richtigen Designl\u00f6sungen. Hier verwandeln sich die Visualisierungen des Designers in technische Zeichnungen, die sowohl die Qualit\u00e4t der M\u00f6bel als auch den Herstellungsprozess sicherstellen. Wir entwerfen ImosCAD-Software, modulare und nicht standardisierte M\u00f6bel mit Metall- und Glaskomponenten. Wir sind immer bereit, die beste L\u00f6sung zu finden. Bei Auftr\u00e4gen, die von unseren&#8230;<\/p>\n","protected":false},"author":1,"featured_media":0,"parent":3987,"menu_order":0,"comment_status":"closed","ping_status":"closed","template":"","meta":{"footnotes":"","_links_to":"","_links_to_target":""},"_links":{"self":[{"href":"https:\/\/fabricaviridis.com\/de\/wp-json\/wp\/v2\/pages\/3985"}],"collection":[{"href":"https:\/\/fabricaviridis.com\/de\/wp-json\/wp\/v2\/pages"}],"about":[{"href":"https:\/\/fabricaviridis.com\/de\/wp-json\/wp\/v2\/types\/page"}],"author":[{"embeddable":true,"href":"https:\/\/fabricaviridis.com\/de\/wp-json\/wp\/v2\/users\/1"}],"replies":[{"embeddable":true,"href":"https:\/\/fabricaviridis.com\/de\/wp-json\/wp\/v2\/comments?post=3985"}],"version-history":[{"count":4,"href":"https:\/\/fabricaviridis.com\/de\/wp-json\/wp\/v2\/pages\/3985\/revisions"}],"predecessor-version":[{"id":4196,"href":"https:\/\/fabricaviridis.com\/de\/wp-json\/wp\/v2\/pages\/3985\/revisions\/4196"}],"up":[{"embeddable":true,"href":"https:\/\/fabricaviridis.com\/de\/wp-json\/wp\/v2\/pages\/3987"}],"wp:attachment":[{"href":"https:\/\/fabricaviridis.com\/de\/wp-json\/wp\/v2\/media?parent=3985"}],"curies":[{"name":"wp","href":"https:\/\/api.w.org\/{rel}","templated":true}]}}