{"id":3989,"date":"2024-04-11T13:39:47","date_gmt":"2024-04-11T13:39:47","guid":{"rendered":"https:\/\/fabricaviridis.com\/sample-page\/"},"modified":"2025-02-05T14:40:06","modified_gmt":"2025-02-05T14:40:06","slug":"sample-page","status":"publish","type":"page","link":"https:\/\/fabricaviridis.com\/de\/sample-page\/","title":{"rendered":"Muster Seite"},"content":{"rendered":"\t\t<div data-elementor-type=\"wp-page\" data-elementor-id=\"3989\" class=\"elementor elementor-3989 elementor-2\">\n\t\t\t\t<div class=\"elementor-element elementor-element-51300404 e-flex e-con-boxed e-con e-parent\" data-id=\"51300404\" data-element_type=\"container\">\n\t\t\t\t\t<div class=\"e-con-inner\">\n\t\t\t\t<div class=\"elementor-element elementor-element-cb8d765 elementor-widget elementor-widget-text-editor\" data-id=\"cb8d765\" data-element_type=\"widget\" data-widget_type=\"text-editor.default\">\n\t\t\t\t<div class=\"elementor-widget-container\">\n\t\t\t<style>\/*! elementor - v3.22.0 - 26-06-2024 *\/\n.elementor-widget-text-editor.elementor-drop-cap-view-stacked .elementor-drop-cap{background-color:#69727d;color:#fff}.elementor-widget-text-editor.elementor-drop-cap-view-framed .elementor-drop-cap{color:#69727d;border:3px solid;background-color:transparent}.elementor-widget-text-editor:not(.elementor-drop-cap-view-default) .elementor-drop-cap{margin-top:8px}.elementor-widget-text-editor:not(.elementor-drop-cap-view-default) .elementor-drop-cap-letter{width:1em;height:1em}.elementor-widget-text-editor .elementor-drop-cap{float:left;text-align:center;line-height:1;font-size:50px}.elementor-widget-text-editor .elementor-drop-cap-letter{display:inline-block}<\/style>\t\t\t\t\n<p>Dies ist eine Beispielseite. Er unterscheidet sich von einem Blog-Post, da er an einem Ort bleibt und in der Navigation Ihrer Website angezeigt wird (in den meisten Themes). Die meisten Menschen beginnen mit einer \u00dcber-Seite, auf der sie sich potenziellen Besuchern der Website vorstellen. Sie k\u00f6nnte etwa so lauten:<\/p>\n\n\n\n<blockquote class=\"wp-block-quote\"><p>Hallo zusammen! Ich bin tags\u00fcber ein Fahrradkurier und nachts ein aufstrebender Schauspieler, und dies ist meine Website. Ich lebe in Los Angeles, habe einen tollen Hund namens Jack und ich mag Pi\u00f1a Coladas. (Und vom Regen erwischt zu werden.)<\/p><\/blockquote>\n\n\n\n<p>&#8230;oder etwas in dieser Art:<\/p>\n\n\n\n<blockquote class=\"wp-block-quote\"><p>Die XYZ Doohickey Company wurde 1971 gegr\u00fcndet und bietet seitdem qualitativ hochwertige Doohickeys f\u00fcr die \u00d6ffentlichkeit an. Das in Gotham City ans\u00e4ssige Unternehmen XYZ besch\u00e4ftigt mehr als 2.000 Mitarbeiter und leistet eine Menge gro\u00dfartiger Dinge f\u00fcr die Gotham Community.<\/p><\/blockquote>\n\n\n\n<p>Als neuer WordPress-Benutzer sollten Sie zu <a href=\"https:\/\/fabricaviridis.com\/wp-admin\/\">Ihrem Dashboard<\/a> gehen, um diese Seite zu l\u00f6schen und neue Seiten f\u00fcr Ihre Inhalte zu erstellen. Viel Spa\u00df!<\/p>\n\t\t\t\t\t\t<\/div>\n\t\t\t\t<\/div>\n\t\t\t\t\t<\/div>\n\t\t\t\t<\/div>\n\t\t<div class=\"elementor-element elementor-element-efa9f15 e-flex e-con-boxed e-con e-parent\" data-id=\"efa9f15\" data-element_type=\"container\">\n\t\t\t\t\t<div class=\"e-con-inner\">\n\t\t\t\t<div class=\"elementor-element elementor-element-4a260b8 elementor-widget elementor-widget-bauen-post\" data-id=\"4a260b8\" data-element_type=\"widget\" data-widget_type=\"bauen-post.default\">\n\t\t\t\t<div class=\"elementor-widget-container\">\n\t\t\t\n\t\t<div class=\"sec-blog bauen-blog bauen-blog-el\">\n            <div class=\"owl-carousel owl-theme\" data-blog-autoplay=\"false\" data-blog-speed=\"500\" data-projects-nav=\"false\" data-post-item=\"2\" data-projects-dots=\"true\" data-blog-autoplay-timeout=\"5000\" data-bn-car-loop=\"true\" data-carousel-dots-desktop=\"true\" data-rtl=\"false\">\t\n\t\t\t\n\t\t\t\t\t\t\t\n\t\t\t\t<div class=\"item\">\n\t\t\t\t\t\t\t\t\t\t<div class=\"position-re o-hidden position-re-order-blog-carousel\">\n\t\t\t\t\t\t<a href=\"https:\/\/fabricaviridis.com\/de\/2021\/09\/26\/fabrica-viridis-bespoke-hospitality-furniture-solutions\/\" class=\"cd-pt-ab\"><img decoding=\"async\" src=\"https:\/\/fabricaviridis.com\/wp-content\/uploads\/2024\/05\/MG_6426-scaled.jpg\" alt=\"Umweltvertr\u00e4gliche Eleganz: Entdecken Sie die ma\u00dfgeschneiderten L\u00f6sungen f\u00fcr Gastgewerbem\u00f6bel von Fabrica Viridis\"><\/a>\n\t\t\t\t\t<\/div>\t\n\t\t\t\t\t\t\t\t\t\t<div class=\"con\">\n\t\t\t\t\t\t<span class=\"category\"><a href=\"https:\/\/fabricaviridis.com\/de\/category\/about-us-de\/\" rel=\"category tag\">About us<\/a> - September 26, 2021<\/span>\n\t\t\t\t\t\t<h5><a href=\"https:\/\/fabricaviridis.com\/de\/2021\/09\/26\/fabrica-viridis-bespoke-hospitality-furniture-solutions\/\">Umweltvertr\u00e4gliche Eleganz: Entdecken Sie die ma\u00dfgeschneiderten L\u00f6sungen f\u00fcr Gastgewerbem\u00f6bel von Fabrica Viridis<\/a><\/h5>\n\t\t\t\t\t<\/div>\t\t\t\n\t\t\t\t<\/div>\t\t\t\n\t\t\t\t\t\t<\/div>\n\t\t<\/div>\n\t\t\n        \t\t<\/div>\n\t\t\t\t<\/div>\n\t\t\t\t\t<\/div>\n\t\t\t\t<\/div>\n\t\t\t\t<\/div>\n\t\t","protected":false},"excerpt":{"rendered":"<p>Dies ist eine Beispielseite. Er unterscheidet sich von einem Blog-Post, da er an einem Ort bleibt und in der Navigation Ihrer Website angezeigt wird (in den meisten Themes). Die meisten Menschen beginnen mit einer \u00dcber-Seite, auf der sie sich potenziellen Besuchern der Website vorstellen. Sie k\u00f6nnte etwa so lauten: Hallo zusammen! Ich bin tags\u00fcber ein Fahrradkurier und nachts ein aufstrebender&#8230;<\/p>\n","protected":false},"author":1,"featured_media":0,"parent":0,"menu_order":0,"comment_status":"closed","ping_status":"open","template":"","meta":{"footnotes":"","_links_to":"","_links_to_target":""},"_links":{"self":[{"href":"https:\/\/fabricaviridis.com\/de\/wp-json\/wp\/v2\/pages\/3989"}],"collection":[{"href":"https:\/\/fabricaviridis.com\/de\/wp-json\/wp\/v2\/pages"}],"about":[{"href":"https:\/\/fabricaviridis.com\/de\/wp-json\/wp\/v2\/types\/page"}],"author":[{"embeddable":true,"href":"https:\/\/fabricaviridis.com\/de\/wp-json\/wp\/v2\/users\/1"}],"replies":[{"embeddable":true,"href":"https:\/\/fabricaviridis.com\/de\/wp-json\/wp\/v2\/comments?post=3989"}],"version-history":[{"count":4,"href":"https:\/\/fabricaviridis.com\/de\/wp-json\/wp\/v2\/pages\/3989\/revisions"}],"predecessor-version":[{"id":4128,"href":"https:\/\/fabricaviridis.com\/de\/wp-json\/wp\/v2\/pages\/3989\/revisions\/4128"}],"wp:attachment":[{"href":"https:\/\/fabricaviridis.com\/de\/wp-json\/wp\/v2\/media?parent=3989"}],"curies":[{"name":"wp","href":"https:\/\/api.w.org\/{rel}","templated":true}]}}