{"id":3999,"date":"2022-08-07T16:20:12","date_gmt":"2022-08-07T16:20:12","guid":{"rendered":"https:\/\/fabricaviridis.com\/portfolio-list\/"},"modified":"2022-08-07T16:20:12","modified_gmt":"2022-08-07T16:20:12","slug":"portfolio-list","status":"publish","type":"page","link":"https:\/\/fabricaviridis.com\/de\/portfolio-list\/","title":{"rendered":"Portfolio List"},"content":{"rendered":"\t\t<div data-elementor-type=\"wp-page\" data-elementor-id=\"3999\" class=\"elementor elementor-3999 elementor-1892\">\n\t\t\t\t\t\t<section class=\"elementor-section elementor-top-section elementor-element elementor-element-34f79e21 elementor-section-full_width elementor-section-height-default elementor-section-height-default\" data-id=\"34f79e21\" data-element_type=\"section\">\n\t\t\t\t\t\t<div class=\"elementor-container elementor-column-gap-default\">\n\t\t\t\t\t<div class=\"elementor-column elementor-col-100 elementor-top-column elementor-element elementor-element-2f151832\" data-id=\"2f151832\" data-element_type=\"column\">\n\t\t\t<div class=\"elementor-widget-wrap elementor-element-populated\">\n\t\t\t\t\t\t<div class=\"elementor-section elementor-inner-section elementor-element elementor-element-18a96293 elementor-section-boxed elementor-section-height-default elementor-section-height-default\" data-id=\"18a96293\" data-element_type=\"section\">\n\t\t\t\t\t\t<div class=\"elementor-container elementor-column-gap-default\">\n\t\t\t\t\t<div class=\"elementor-column elementor-col-100 elementor-inner-column elementor-element elementor-element-435dffa0\" data-id=\"435dffa0\" data-element_type=\"column\">\n\t\t\t<div class=\"elementor-widget-wrap elementor-element-populated\">\n\t\t\t\t\t\t<div class=\"elementor-element elementor-element-7a990e75 elementor-widget elementor-widget-bauen-title\" data-id=\"7a990e75\" data-element_type=\"widget\" data-widget_type=\"bauen-title.default\">\n\t\t\t\t<div class=\"elementor-widget-container\">\n\t\t\t\t\t\n\t\t\t\n\t\t\t\t\t\t<h2 class=\"section-title text-center\">Our <span class=\"text-color-red\"> Projects <\/span><\/h2>\n\t\t\t\t\n\t\t\t\t\n        \n\t\t\t\n        \t\t<\/div>\n\t\t\t\t<\/div>\n\t\t\t\t<div class=\"elementor-element elementor-element-076a4fb elementor-widget elementor-widget-bauen-portfolio-list\" data-id=\"076a4fb\" data-element_type=\"widget\" data-widget_type=\"bauen-portfolio-list.default\">\n\t\t\t\t<div class=\"elementor-widget-container\">\n\t\t\t\n\t\t<div class=\"bauen-project\">\n\t\t\t<div class=\"container-after-list\">\n\t\t\t\t\t\t<div class=\"row isotope-items-wrap  no-hide-last loadmore-wrapper-list\" data-load-item=\"10000000\" data-button-text=\"Load More\">\n\t\t\t\t<div class=\"col-md-12\">\t\t\t\t\n\t\t\t\t\t\n\t\t\t\t<div class=\"projects4 full-width isotope-item\" >\n                    <figure><img decoding=\"async\" src=\"https:\/\/fabricaviridis.com\/wp-content\/uploads\/2025\/05\/Apex-web-1-4-740x435.png\" alt=\"Hotelbereiche, Venedig\" class=\"img-fluid\"><\/figure>\n                        <div class=\"caption\">\n                            <h6><span class=\"cat-divider\">Hotels  <\/span><\/h6>\n                            <h4 class=\"project4-title\"><a href=\"https:\/\/fabricaviridis.com\/de\/portfolio\/hotelbereiche-venedig\/\">Hotelbereiche, Venedig<\/a><\/h4>\n                            \t\t\t\t\t\t\t<p>Projektjahr 2024-2025 Projekttyp Soziale Hotelbereiche Standort Venedig, Italien Hampton by Hilton, Venedig \u00dcber 15 Jahre Erfahrung 200+ erfolgreich&hellip;<\/p>\n\t\t\t\t\t\t\t                            <div class=\"butn-dark mt-15\"> <a href=\"https:\/\/fabricaviridis.com\/de\/portfolio\/hotelbereiche-venedig\/\"><span>Discover<\/span><\/a> <\/div>\n                        <\/div>\n                <\/div>\t\t\n\t\t\t\t\t\n\t\t\t\t<div class=\"projects4 full-width isotope-item\" >\n                    <figure><img decoding=\"async\" src=\"https:\/\/fabricaviridis.com\/wp-content\/uploads\/2024\/05\/F1937D0B-0B9B-4645-BCFF-7E89D9C34966-1.jpg\" alt=\"Restaurant, Pizzeria\" class=\"img-fluid\"><\/figure>\n                        <div class=\"caption\">\n                            <h6><span class=\"cat-divider\">Restaurants  <\/span><\/h6>\n                            <h4 class=\"project4-title\"><a href=\"https:\/\/fabricaviridis.com\/de\/portfolio\/restaurant-pizzeria\/\">Restaurant, Pizzeria<\/a><\/h4>\n                            \t\t\t\t\t\t\t<p>Projektjahr 2023 Projekttyp Restaurant Standort \u0160iauliai, Lithuania Langj\u00e4hrige technologische Erfahrung 200+ erfolgreich durchgef\u00fchrte Projekte Au\u00dfergew\u00f6hnliche Arbeitsqualit\u00e4t<\/p>\n\t\t\t\t\t\t\t                            <div class=\"butn-dark mt-15\"> <a href=\"https:\/\/fabricaviridis.com\/de\/portfolio\/restaurant-pizzeria\/\"><span>Discover<\/span><\/a> <\/div>\n                        <\/div>\n                <\/div>\t\t\n\t\t\t\t\t\n\t\t\t\t<div class=\"projects4 full-width isotope-item\" >\n                    <figure><img decoding=\"async\" src=\"https:\/\/fabricaviridis.com\/wp-content\/uploads\/2024\/05\/F1937D0B-0B9B-4645-BCFF-7E89D9C34966-2.jpg\" alt=\"Trukm\u0117 showroom\" class=\"img-fluid\"><\/figure>\n                        <div class=\"caption\">\n                            <h6><span class=\"cat-divider\">Einzelhandels- und Dienstleistungsfl\u00e4chen  <\/span><\/h6>\n                            <h4 class=\"project4-title\"><a href=\"https:\/\/fabricaviridis.com\/de\/portfolio\/trukme-showroom\/\">Trukm\u0117 showroom<\/a><\/h4>\n                            \t\t\t\t\t\t\t<p>Projektjahr 2022 &#8211; 2023 Projekttyp Showroom Standort Vilnius, Lithuania Showroom Langj\u00e4hrige technologische Erfahrung 200+ erfolgreich durchgef\u00fchrte Projekte Au\u00dfergew\u00f6hnliche&hellip;<\/p>\n\t\t\t\t\t\t\t                            <div class=\"butn-dark mt-15\"> <a href=\"https:\/\/fabricaviridis.com\/de\/portfolio\/trukme-showroom\/\"><span>Discover<\/span><\/a> <\/div>\n                        <\/div>\n                <\/div>\t\t\n\t\t\t\t\t\n\t\t\t\t<div class=\"projects4 full-width isotope-item\" >\n                    <figure><img decoding=\"async\" src=\"https:\/\/fabricaviridis.com\/wp-content\/uploads\/2024\/05\/F1937D0B-0B9B-4645-BCFF-7E89D9C34966-3.jpg\" alt=\"Bekleidungsgesch\u00e4ft\" class=\"img-fluid\"><\/figure>\n                        <div class=\"caption\">\n                            <h6><span class=\"cat-divider\">Einzelhandels- und Dienstleistungsfl\u00e4chen  <\/span><\/h6>\n                            <h4 class=\"project4-title\"><a href=\"https:\/\/fabricaviridis.com\/de\/portfolio\/clothing-store\/\">Bekleidungsgesch\u00e4ft<\/a><\/h4>\n                            \t\t\t\t\t\t\t<p>Projektjahr 2020 Projekttyp Retail Standort Kaunas, Lithuania Einzelhandel Langj\u00e4hrige technologische Erfahrung 200+ erfolgreich durchgef\u00fchrte Projekte Au\u00dfergew\u00f6hnliche Arbeitsqualit\u00e4t<\/p>\n\t\t\t\t\t\t\t                            <div class=\"butn-dark mt-15\"> <a href=\"https:\/\/fabricaviridis.com\/de\/portfolio\/clothing-store\/\"><span>Discover<\/span><\/a> <\/div>\n                        <\/div>\n                <\/div>\t\t\n\t\t\t\t\t\t\t\t<\/div>\t\t\t\n\t\t\t<\/div>\n\t\t\t<\/div>\n\t\t<\/div>\n\t\t\n        \t\t<\/div>\n\t\t\t\t<\/div>\n\t\t\t\t\t<\/div>\n\t\t<\/div>\n\t\t\t\t\t<\/div>\n\t\t<\/div>\n\t\t\t\t\t<\/div>\n\t\t<\/div>\n\t\t\t\t\t<\/div>\n\t\t<\/section>\n\t\t\t\t<section class=\"elementor-section elementor-top-section elementor-element elementor-element-3a43fa89 elementor-section-full_width elementor-section-height-default elementor-section-height-default\" data-id=\"3a43fa89\" data-element_type=\"section\" data-settings=\"{&quot;background_background&quot;:&quot;classic&quot;}\">\n\t\t\t\t\t\t\t<div class=\"elementor-background-overlay\"><\/div>\n\t\t\t\t\t\t\t<div class=\"elementor-container elementor-column-gap-default\">\n\t\t\t\t\t<div class=\"elementor-column elementor-col-100 elementor-top-column elementor-element elementor-element-6ac186f9\" data-id=\"6ac186f9\" data-element_type=\"column\">\n\t\t\t<div class=\"elementor-widget-wrap elementor-element-populated\">\n\t\t\t\t\t\t<div class=\"elementor-section elementor-inner-section elementor-element elementor-element-30594213 elementor-section-boxed elementor-section-height-default elementor-section-height-default\" data-id=\"30594213\" data-element_type=\"section\">\n\t\t\t\t\t\t<div class=\"elementor-container elementor-column-gap-default\">\n\t\t\t\t\t<div class=\"elementor-column elementor-col-33 elementor-inner-column elementor-element elementor-element-3359ecfb\" data-id=\"3359ecfb\" data-element_type=\"column\">\n\t\t\t<div class=\"elementor-widget-wrap elementor-element-populated\">\n\t\t\t\t\t\t<div class=\"elementor-element elementor-element-7833e19 elementor-widget elementor-widget-bauen-video\" data-id=\"7833e19\" data-element_type=\"widget\" data-widget_type=\"bauen-video.default\">\n\t\t\t\t<div class=\"elementor-widget-container\">\n\t\t\t\t\t\n\t\t<div class=\"vid-area\">\n\t\t    \t\t\t<div class=\"vid-icon\">\n\t\t\t\t<a class=\"play-button vid\" href=\"https:\/\/youtu.be\/RziCmLzpFNY\"  class=\"play-button vid js-video-button glightbox\">\n\t\t\t\t\t<svg class=\"circle-fill\">\n\t\t\t\t\t\t<circle cx=\"43\" cy=\"43\" r=\"39\" stroke=\"#fff\" stroke-width=\".5\"><\/circle>\n\t\t\t\t\t<\/svg>\n\t\t\t\t\t<svg class=\"circle-fill\">\n\t\t\t\t\t\t<circle cx=\"43\" cy=\"43\" r=\"39\" stroke=\"none\" stroke-width=\"1\" fill=\"none\"><\/circle>\n\t\t\t\t\t<\/svg> <span class=\"polygon\">\n                    \t\n\t\t\t\t\t    <i class=\"ti-control-play\"><\/i>\n\t\t\t\t\t\t\t\t\t\t\t\n\t\t\t\t\t\t\n\t\t\t\t\t<\/span> \n\t\t\t\t<\/a>\n\t\t\t<\/div>\n\t\t\t\t\t\t\t\t\t<div class=\"cont mt-15 mb-30\">\n\t\t\t\t<h5>View promo video<\/h5>\n\t\t\t<\/div>\n\t\t\t\t\t<\/div>\t\t\n\t\t\t\t\t\t\t\t\n        \t\t<\/div>\n\t\t\t\t<\/div>\n\t\t\t\t\t<\/div>\n\t\t<\/div>\n\t\t\t\t<div class=\"elementor-column elementor-col-33 elementor-inner-column elementor-element elementor-element-651b587\" data-id=\"651b587\" data-element_type=\"column\">\n\t\t\t<div class=\"elementor-widget-wrap\">\n\t\t\t\t\t\t\t<\/div>\n\t\t<\/div>\n\t\t\t\t<div class=\"elementor-column elementor-col-33 elementor-inner-column elementor-element elementor-element-622758c8\" data-id=\"622758c8\" data-element_type=\"column\">\n\t\t\t<div class=\"elementor-widget-wrap elementor-element-populated\">\n\t\t\t\t\t\t<div class=\"elementor-element elementor-element-f6801d0 elementor-invisible elementor-widget elementor-widget-bauen-testimonials\" data-id=\"f6801d0\" data-element_type=\"widget\" data-settings=\"{&quot;_animation&quot;:&quot;fadeInUp&quot;}\" data-widget_type=\"bauen-testimonials.default\">\n\t\t\t\t<div class=\"elementor-widget-container\">\n\t\t\t\n        \t\t\t\n\t\t<div class=\"testimonials\">\n\t\t\t<div class=\"sec-testimonials-carousel testimonials-box\">\n\t\t\t    \t\t\t\t<div class=\"head-box\">\n\t\t\t\t\t<h4>What Client's Say?<\/h4>\n\t\t\t\t<\/div>\t\n\t\t\t\t\t\t\t\t<div class=\"owl-carousel owl-theme\" data-testimonials-autoplay=\"false\" data-testimonials-speed=\"500\" data-testimonials-autoplay-timeout=\"5000\" data-rtl=\"false\">\n\t\t\t\t\t\t\t\t\t\t<div class=\"item\"> <span class=\"quote\"><img decoding=\"async\" src=\"https:\/\/fabricaviridis.com\/wp-content\/themes\/bauen\/includes\/images\/quot.png\" alt=\"quote\"><\/span>\n\t\t\t\t\t\t<p>Architect dapibus augue metus the nec feugiat erat hendrerit nec. Duis ve ante the lemon sanleo nec feugiat erat hendrerit necuis ve ante.<\/p>\n\t\t\t\t\t\t<div class=\"info\">\n\t\t\t\t\t\t\t\t\t\t\t\t\t\t<div class=\"author-img\"> <img decoding=\"async\" src=\"https:\/\/webredox.net\/demo\/wp\/bauen\/light\/el\/multi\/demo1\/wp-content\/uploads\/2021\/09\/1-1.jpg\" alt=\"\"> <\/div>\n\t\t\t\t\t\t\t\t\t\t\t\t\t\t<div class=\"cont \">\n\t\t\t\t\t\t\t\t\t\t\t\t\t\t\t\t<h6>Jason Brown<\/h6>\t\n\t\t\t\t\t\t\t\t\t\t\t\t\t\t\t\t<span>Crowne Plaza Owner<\/span>\n\t\t\t\t\t\t\t\t\t\t\n\t\t\t\t\t\t\t<\/div>\n\t\t\t\t\t\t<\/div>\t\t\t\t\t\t\t\t\t\t\n\t\t\t\t\t<\/div>\n\t\t\t\t\t\t\t\t\t\t<div class=\"item\"> <span class=\"quote\"><img decoding=\"async\" src=\"https:\/\/fabricaviridis.com\/wp-content\/themes\/bauen\/includes\/images\/quot.png\" alt=\"quote\"><\/span>\n\t\t\t\t\t\t<p><p>Interior dapibus augue metus the nec feugiat erat hendrerit nec. Duis ve ante the lemon sanleo nec feugiat erat hendrerit necuis ve ante.<\/p><\/p>\n\t\t\t\t\t\t<div class=\"info\">\n\t\t\t\t\t\t\t\t\t\t\t\t\t\t<div class=\"author-img\"> <img decoding=\"async\" src=\"https:\/\/webredox.net\/demo\/wp\/bauen\/light\/el\/multi\/demo1\/wp-content\/uploads\/2021\/09\/2-1.jpg\" alt=\"\"> <\/div>\n\t\t\t\t\t\t\t\t\t\t\t\t\t\t<div class=\"cont \">\n\t\t\t\t\t\t\t\t\t\t\t\t\t\t\t\t<h6>Emily White<\/h6>\t\n\t\t\t\t\t\t\t\t\t\t\t\t\t\t\t\t<span>Armada Owner<\/span>\n\t\t\t\t\t\t\t\t\t\t\n\t\t\t\t\t\t\t<\/div>\n\t\t\t\t\t\t<\/div>\t\t\t\t\t\t\t\t\t\t\n\t\t\t\t\t<\/div>\n\t\t\t\t\t\t\t\t\t\t<div class=\"item\"> <span class=\"quote\"><img decoding=\"async\" src=\"https:\/\/fabricaviridis.com\/wp-content\/themes\/bauen\/includes\/images\/quot.png\" alt=\"quote\"><\/span>\n\t\t\t\t\t\t<p><p>Urban dapibus augue metus the nec feugiat erat hendrerit nec. Duis ve ante the lemon sanleo nec feugiat erat hendrerit necuis ve ante.<\/p><\/p>\n\t\t\t\t\t\t<div class=\"info\">\n\t\t\t\t\t\t\t\t\t\t\t\t\t\t<div class=\"author-img\"> <img decoding=\"async\" src=\"https:\/\/webredox.net\/demo\/wp\/bauen\/light\/el\/multi\/demo1\/wp-content\/uploads\/2021\/09\/4-1.jpg\" alt=\"\"> <\/div>\n\t\t\t\t\t\t\t\t\t\t\t\t\t\t<div class=\"cont \">\n\t\t\t\t\t\t\t\t\t\t\t\t\t\t\t\t<h6>Jesica Smith<\/h6>\t\n\t\t\t\t\t\t\t\t\t\t\t\t\t\t\t\t<span>Alsa Manager<\/span>\n\t\t\t\t\t\t\t\t\t\t\n\t\t\t\t\t\t\t<\/div>\n\t\t\t\t\t\t<\/div>\t\t\t\t\t\t\t\t\t\t\n\t\t\t\t\t<\/div>\n\t\t\t\t\t\t\t\t\t<\/div>\t\t\n\t\t\t<\/div>\t\t\n\t\t<\/div>\t\n\t\t\n        \t\t<\/div>\n\t\t\t\t<\/div>\n\t\t\t\t\t<\/div>\n\t\t<\/div>\n\t\t\t\t\t<\/div>\n\t\t<\/div>\n\t\t\t\t\t<\/div>\n\t\t<\/div>\n\t\t\t\t\t<\/div>\n\t\t<\/section>\n\t\t\t\t<section class=\"elementor-section elementor-top-section elementor-element elementor-element-1e36afbc elementor-section-full_width elementor-section-height-default elementor-section-height-default\" data-id=\"1e36afbc\" data-element_type=\"section\" data-settings=\"{&quot;background_background&quot;:&quot;classic&quot;}\">\n\t\t\t\t\t\t<div class=\"elementor-container elementor-column-gap-default\">\n\t\t\t\t\t<div class=\"elementor-column elementor-col-100 elementor-top-column elementor-element elementor-element-21f5cbf4\" data-id=\"21f5cbf4\" data-element_type=\"column\">\n\t\t\t<div class=\"elementor-widget-wrap elementor-element-populated\">\n\t\t\t\t\t\t<section class=\"elementor-section elementor-inner-section elementor-element elementor-element-16994721 elementor-section-boxed elementor-section-height-default elementor-section-height-default\" data-id=\"16994721\" data-element_type=\"section\">\n\t\t\t\t\t\t<div class=\"elementor-container elementor-column-gap-default\">\n\t\t\t\t\t<div class=\"elementor-column elementor-col-50 elementor-inner-column elementor-element elementor-element-2a88eae9\" data-id=\"2a88eae9\" data-element_type=\"column\">\n\t\t\t<div class=\"elementor-widget-wrap elementor-element-populated\">\n\t\t\t\t\t\t<div class=\"elementor-element elementor-element-28aae011 elementor-widget elementor-widget-bauen-clients\" data-id=\"28aae011\" data-element_type=\"widget\" data-widget_type=\"bauen-clients.default\">\n\t\t\t\t<div class=\"elementor-widget-container\">\n\t\t\t\n\t\t<div class=\"clients\">\n\t\t\t<div class=\"owl-carousel owl-theme\" data-clients-autoplay=\"true\" data-clients-speed=\"500\" data-client-autoplay-timeout=\"5000\" data-carousel-columns=\"5\" data-carousel-gap=\"30\" data-carousel-mobile-gap=\"10\" data-carousel-tablet-gap=\"10\" data-carousel-columns-tablet=\"3\" data-rtl=\"false\">\n\t\t\t\t\t\t\t\t<div class=\"clients-logo\">\n\t\t\t\t    \t\t\t\t\t<a href=\"#0\" target=\"_self\" rel=\"noopener noreferrer\">\n\t\t\t\t\t\t\t\t\t\t\t\n\t\t\t\t\t<img decoding=\"async\" src=\"https:\/\/webredox.net\/demo\/wp\/bauen\/light\/el\/multi\/demo1\/wp-content\/uploads\/2021\/09\/1.png\" alt=\"\">\t\t\t\t\n\t\t\t\t\t\t\t\t\t\t<\/a>\n\t\t\t\t\t\t\t\t\n\t\t\t\t<\/div>\t\n\t\t\t\t\t\t\t\t<div class=\"clients-logo\">\n\t\t\t\t    \t\t\t\t\t<a href=\"#0\" target=\"_self\" rel=\"noopener noreferrer\">\n\t\t\t\t\t\t\t\t\t\t\t\n\t\t\t\t\t<img decoding=\"async\" src=\"https:\/\/webredox.net\/demo\/wp\/bauen\/light\/el\/multi\/demo1\/wp-content\/uploads\/2021\/09\/2.png\" alt=\"\">\t\t\t\t\n\t\t\t\t\t\t\t\t\t\t<\/a>\n\t\t\t\t\t\t\t\t\n\t\t\t\t<\/div>\t\n\t\t\t\t\t\t\t\t<div class=\"clients-logo\">\n\t\t\t\t    \t\t\t\t\t<a href=\"#0\" target=\"_self\" rel=\"noopener noreferrer\">\n\t\t\t\t\t\t\t\t\t\t\t\n\t\t\t\t\t<img decoding=\"async\" src=\"https:\/\/webredox.net\/demo\/wp\/bauen\/light\/el\/multi\/demo1\/wp-content\/uploads\/2021\/09\/3.png\" alt=\"\">\t\t\t\t\n\t\t\t\t\t\t\t\t\t\t<\/a>\n\t\t\t\t\t\t\t\t\n\t\t\t\t<\/div>\t\n\t\t\t\t\t\t\t\t<div class=\"clients-logo\">\n\t\t\t\t    \t\t\t\t\t<a href=\"#0\" target=\"_self\" rel=\"noopener noreferrer\">\n\t\t\t\t\t\t\t\t\t\t\t\n\t\t\t\t\t<img decoding=\"async\" src=\"https:\/\/webredox.net\/demo\/wp\/bauen\/light\/el\/multi\/demo1\/wp-content\/uploads\/2021\/09\/4.png\" alt=\"\">\t\t\t\t\n\t\t\t\t\t\t\t\t\t\t<\/a>\n\t\t\t\t\t\t\t\t\n\t\t\t\t<\/div>\t\n\t\t\t\t\t\t\t\t<div class=\"clients-logo\">\n\t\t\t\t    \t\t\t\t\t<a href=\"#0\" target=\"_self\" rel=\"noopener noreferrer\">\n\t\t\t\t\t\t\t\t\t\t\t\n\t\t\t\t\t<img decoding=\"async\" src=\"https:\/\/webredox.net\/demo\/wp\/bauen\/light\/el\/multi\/demo1\/wp-content\/uploads\/2021\/09\/5.png\" alt=\"\">\t\t\t\t\n\t\t\t\t\t\t\t\t\t\t<\/a>\n\t\t\t\t\t\t\t\t\n\t\t\t\t<\/div>\t\n\t\t\t\t\t\t\t\t<div class=\"clients-logo\">\n\t\t\t\t    \t\t\t\t\t<a href=\"#0\" target=\"_self\" rel=\"noopener noreferrer\">\n\t\t\t\t\t\t\t\t\t\t\t\n\t\t\t\t\t<img decoding=\"async\" src=\"https:\/\/webredox.net\/demo\/wp\/bauen\/light\/el\/multi\/demo1\/wp-content\/uploads\/2021\/09\/6.png\" alt=\"\">\t\t\t\t\n\t\t\t\t\t\t\t\t\t\t<\/a>\n\t\t\t\t\t\t\t\t\n\t\t\t\t<\/div>\t\n\t\t\t\t\t\t\t<\/div>\t\t\n\t\t<\/div>\t\t\n\n        \t\t<\/div>\n\t\t\t\t<\/div>\n\t\t\t\t\t<\/div>\n\t\t<\/div>\n\t\t\t\t<div class=\"elementor-column elementor-col-50 elementor-inner-column elementor-element elementor-element-470ff93f\" data-id=\"470ff93f\" data-element_type=\"column\">\n\t\t\t<div class=\"elementor-widget-wrap\">\n\t\t\t\t\t\t\t<\/div>\n\t\t<\/div>\n\t\t\t\t\t<\/div>\n\t\t<\/section>\n\t\t\t\t\t<\/div>\n\t\t<\/div>\n\t\t\t\t\t<\/div>\n\t\t<\/section>\n\t\t\t\t<\/div>\n\t\t","protected":false},"excerpt":{"rendered":"","protected":false},"author":1,"featured_media":0,"parent":0,"menu_order":0,"comment_status":"closed","ping_status":"closed","template":"","meta":{"footnotes":"","_links_to":"","_links_to_target":""},"_links":{"self":[{"href":"https:\/\/fabricaviridis.com\/de\/wp-json\/wp\/v2\/pages\/3999"}],"collection":[{"href":"https:\/\/fabricaviridis.com\/de\/wp-json\/wp\/v2\/pages"}],"about":[{"href":"https:\/\/fabricaviridis.com\/de\/wp-json\/wp\/v2\/types\/page"}],"author":[{"embeddable":true,"href":"https:\/\/fabricaviridis.com\/de\/wp-json\/wp\/v2\/users\/1"}],"replies":[{"embeddable":true,"href":"https:\/\/fabricaviridis.com\/de\/wp-json\/wp\/v2\/comments?post=3999"}],"version-history":[{"count":0,"href":"https:\/\/fabricaviridis.com\/de\/wp-json\/wp\/v2\/pages\/3999\/revisions"}],"wp:attachment":[{"href":"https:\/\/fabricaviridis.com\/de\/wp-json\/wp\/v2\/media?parent=3999"}],"curies":[{"name":"wp","href":"https:\/\/api.w.org\/{rel}","templated":true}]}}