{"id":4046,"date":"2021-10-01T10:30:51","date_gmt":"2021-10-01T10:30:51","guid":{"rendered":"https:\/\/fabricaviridis.com\/contact\/"},"modified":"2025-05-21T08:42:18","modified_gmt":"2025-05-21T08:42:18","slug":"contact","status":"publish","type":"page","link":"https:\/\/fabricaviridis.com\/de\/contact\/","title":{"rendered":"Contact"},"content":{"rendered":"\t\t<div data-elementor-type=\"wp-page\" data-elementor-id=\"4046\" class=\"elementor elementor-4046 elementor-110\">\n\t\t\t\t\t\t<section class=\"elementor-section elementor-top-section elementor-element elementor-element-7da26bc3 elementor-section-full_width elementor-section-height-default elementor-section-height-default\" data-id=\"7da26bc3\" data-element_type=\"section\">\n\t\t\t\t\t\t<div class=\"elementor-container elementor-column-gap-default\">\n\t\t\t\t\t<div class=\"elementor-column elementor-col-100 elementor-top-column elementor-element elementor-element-5df76801\" data-id=\"5df76801\" data-element_type=\"column\">\n\t\t\t<div class=\"elementor-widget-wrap elementor-element-populated\">\n\t\t\t\t\t\t<div class=\"elementor-section elementor-inner-section elementor-element elementor-element-37271741 elementor-section-boxed elementor-section-height-default elementor-section-height-default\" data-id=\"37271741\" data-element_type=\"section\">\n\t\t\t\t\t\t<div class=\"elementor-container elementor-column-gap-default\">\n\t\t\t\t\t<div class=\"elementor-column elementor-col-100 elementor-inner-column elementor-element elementor-element-3a1fc232\" data-id=\"3a1fc232\" data-element_type=\"column\">\n\t\t\t<div class=\"elementor-widget-wrap elementor-element-populated\">\n\t\t\t\t\t\t<div class=\"elementor-element elementor-element-11eaeffb elementor-widget elementor-widget-bauen-title\" data-id=\"11eaeffb\" data-element_type=\"widget\" data-widget_type=\"bauen-title.default\">\n\t\t\t\t<div class=\"elementor-widget-container\">\n\t\t\t\t\t\n\t\t\t\n\t\t\t\t\t\t<h2 class=\"section-title text-left\">Kontaktieren <span class=\"text-color-red\"> Sie uns<\/span><\/h2>\n\t\t\t\t\n\t\t\t\t\n        \n\t\t\t\n        \t\t<\/div>\n\t\t\t\t<\/div>\n\t\t\t\t\t<\/div>\n\t\t<\/div>\n\t\t\t\t\t<\/div>\n\t\t<\/div>\n\t\t\t\t<div class=\"elementor-section elementor-inner-section elementor-element elementor-element-6b0da7ce elementor-section-boxed elementor-section-height-default elementor-section-height-default\" data-id=\"6b0da7ce\" data-element_type=\"section\">\n\t\t\t\t\t\t<div class=\"elementor-container elementor-column-gap-default\">\n\t\t\t\t\t<div class=\"elementor-column elementor-col-33 elementor-inner-column elementor-element elementor-element-469d060a\" data-id=\"469d060a\" data-element_type=\"column\">\n\t\t\t<div class=\"elementor-widget-wrap elementor-element-populated\">\n\t\t\t\t\t\t<div class=\"elementor-element elementor-element-3563afa elementor-invisible elementor-widget elementor-widget-bauen-contact\" data-id=\"3563afa\" data-element_type=\"widget\" data-settings=\"{&quot;_animation&quot;:&quot;fadeInUp&quot;}\" data-widget_type=\"bauen-contact.default\">\n\t\t\t\t<div class=\"elementor-widget-container\">\n\t\t\t        \n\t\t<div class=\"sec-contact-info mb-30\">\n\t\t\t\t\t\t<p><b>Fabrica Viridis<\/b><\/p> \n\t\t\t\t\n\t\t\t\t\t\t<p><p>Innovative Produktionsverfahren werden eingesetzt, um die vorherrschenden Produktionsstandards f\u00fcr modulare M\u00f6bel zu ver\u00e4ndern. Au\u00dfergew\u00f6hnliche Vielfalt, Geschwindigkeit, Qualit\u00e4t und Nachhaltigkeit werden geboten. Unsere Produktionsanlagen umfassen insgesamt 7000 Quadratmeter und sind bereit f\u00fcr neue Projekte.<\/p><\/p>\n\t\t\t\t\n\t\t    \n\t\t\t\t\t\t\n\t\t\t\t\t\t\t\t\t\t\t\t\t\t\t\n\t\t\t\t\t    <p><b><\/b> <\/p> \t\t\t\t\t\t\n\t\t\t\t\t\t \n\n\t\t\t\t\t\t\t\t\n        <\/div>\n\t\t\n        \t\t<\/div>\n\t\t\t\t<\/div>\n\t\t\t\t\t<\/div>\n\t\t<\/div>\n\t\t\t\t<div class=\"elementor-column elementor-col-33 elementor-inner-column elementor-element elementor-element-2821bed1\" data-id=\"2821bed1\" data-element_type=\"column\">\n\t\t\t<div class=\"elementor-widget-wrap elementor-element-populated\">\n\t\t\t\t\t\t<div class=\"elementor-element elementor-element-f0805e3 elementor-invisible elementor-widget elementor-widget-bauen-contact\" data-id=\"f0805e3\" data-element_type=\"widget\" data-settings=\"{&quot;_animation&quot;:&quot;fadeInUp&quot;}\" data-widget_type=\"bauen-contact.default\">\n\t\t\t\t<div class=\"elementor-widget-container\">\n\t\t\t        \n\t\t<div class=\"sec-contact-info mb-30\">\n\t\t\t\t\t\t<p><b>Kontaktdaten<\/b><\/p> \n\t\t\t\t\n\t\t\t\t\t\t<p><p style=\"text-align: left;\"><span style=\"color: #8aa15d;\"><a style=\"text-decoration: underline; color: #8aa15d;\" href=\"https:\/\/fabricaviridis.com\/de\/about\/#team\">Kontaktieren Sie unser Team<\/a><\/span><\/p><\/p>\n\t\t\t\t\n\t\t    \n\t\t\t\t\t\t\n\t\t\t\t\t\t\t\t\t\t\t\t\t\t\t\n\t\t\t\t\t    <p><b>Telefon :<\/b> <a href=\"tel:+4915145617583\">+4915145617583<\/a><\/p> \n\t\t\t\t\t\t \n\n\t\t\t\t\t\t\t\t\t\t\t\t\t\t\t \n\t\t\t\t\t\t<p><b>E-Mail :<\/b> <a href=\"mailto:m.bauer@fabricaviridis.com\">m.bauer@fabricaviridis.com<\/a><\/p> \n\t\t\t\t\t\t \n\n\t\t\t\t\t\t\t\t\t\t\t\t\t\t    <p><b>Adresse :<\/b> <a href=\"\" target=\"_self\">B. Brazd\u017eionio str. 29, LT-48182 Kaunas, Lithuania<\/a><\/p>\n\t\t\t\t\t\t \n\n\t\t\t\t\t\t\t\t\n        <\/div>\n\t\t\n        \t\t<\/div>\n\t\t\t\t<\/div>\n\t\t\t\t\t<\/div>\n\t\t<\/div>\n\t\t\t\t<div class=\"elementor-column elementor-col-33 elementor-inner-column elementor-element elementor-element-20c6228\" data-id=\"20c6228\" data-element_type=\"column\">\n\t\t\t<div class=\"elementor-widget-wrap elementor-element-populated\">\n\t\t\t\t\t\t<div class=\"elementor-element elementor-element-2202811 elementor-invisible elementor-widget elementor-widget-bauen-form\" data-id=\"2202811\" data-element_type=\"widget\" data-settings=\"{&quot;_animation&quot;:&quot;fadeInUp&quot;}\" data-widget_type=\"bauen-form.default\">\n\t\t\t\t<div class=\"elementor-widget-container\">\n\t\t\t\t\t<div  class=\"sec-contact-form\">\n        \t\t\t<p><b>Holen Sie sich ein Angebot<\/b><\/p> \n\t\t\t\n\t\t\t<div  class=\"vc_template\">\n\t\t\t   <p>Sind Sie bereit, Ihr n\u00e4chstes M\u00f6belprojekt zu starten? Kontaktieren Sie Fabrica Viridis noch heute f\u00fcr ein personalisiertes Angebot, das auf Ihre Bed\u00fcrfnisse und Ihre Vision zugeschnitten ist.<\/p>\t\t\t<\/div>\t\n\t\t<\/div>\t\n\t\t\n        \t\t<\/div>\n\t\t\t\t<\/div>\n\t\t\t\t\t<\/div>\n\t\t<\/div>\n\t\t\t\t\t<\/div>\n\t\t<\/div>\n\t\t\t\t\t<\/div>\n\t\t<\/div>\n\t\t\t\t\t<\/div>\n\t\t<\/section>\n\t\t\t\t<section class=\"elementor-section elementor-top-section elementor-element elementor-element-c347acb elementor-section-full_width elementor-section-height-default elementor-section-height-default\" data-id=\"c347acb\" data-element_type=\"section\">\n\t\t\t\t\t\t<div class=\"elementor-container elementor-column-gap-default\">\n\t\t\t\t\t<div class=\"elementor-column elementor-col-100 elementor-top-column elementor-element elementor-element-b546ebe\" data-id=\"b546ebe\" data-element_type=\"column\">\n\t\t\t<div class=\"elementor-widget-wrap elementor-element-populated\">\n\t\t\t\t\t\t<div class=\"elementor-section elementor-inner-section elementor-element elementor-element-50788a4 elementor-section-boxed elementor-section-height-default elementor-section-height-default\" data-id=\"50788a4\" data-element_type=\"section\">\n\t\t\t\t\t\t<div class=\"elementor-container elementor-column-gap-default\">\n\t\t\t\t\t<div class=\"elementor-column elementor-col-100 elementor-inner-column elementor-element elementor-element-97b5fae\" data-id=\"97b5fae\" data-element_type=\"column\">\n\t\t\t<div class=\"elementor-widget-wrap elementor-element-populated\">\n\t\t\t\t\t\t<div class=\"elementor-element elementor-element-524889a elementor-invisible elementor-widget elementor-widget-bauen-map\" data-id=\"524889a\" data-element_type=\"widget\" data-settings=\"{&quot;_animation&quot;:&quot;fadeInUp&quot;}\" data-widget_type=\"bauen-map.default\">\n\t\t\t\t<div class=\"elementor-widget-container\">\n\t\t\t\n\t\t\t\t\t\n\t\t\n\t\t<div class=\"sec-gmap\">\n            <div class=\"map-container\">\n\t\t\t\t<div id=\"map-single\" class=\"map\" data-map-back=\"\/\/{s}.basemaps.cartocdn.com\/light_all\/{z}\/{x}\/{y}.png\" data-latlog=\"[54.9364,23.866]\" data-popuptext=\"B. Brazd\u017eionio str. 29, LT-48182 Kaunas, Lithuania\"  data-popupicon=\"https:\/\/webredox.net\/images\/mapmarker.png\"><\/div>\t\t\t\t\n\t\t    <\/div>\t\t\t\n\t\t<\/div>\t\t\n\t\t\n\t\t\t\n        \t\t<\/div>\n\t\t\t\t<\/div>\n\t\t\t\t\t<\/div>\n\t\t<\/div>\n\t\t\t\t\t<\/div>\n\t\t<\/div>\n\t\t\t\t\t<\/div>\n\t\t<\/div>\n\t\t\t\t\t<\/div>\n\t\t<\/section>\n\t\t\t\t<section class=\"elementor-section elementor-top-section elementor-element elementor-element-992fce0 elementor-section-full_width footer-banner elementor-section-height-default elementor-section-height-default\" data-id=\"992fce0\" data-element_type=\"section\" data-settings=\"{&quot;background_background&quot;:&quot;classic&quot;}\">\n\t\t\t\t\t\t\t<div class=\"elementor-background-overlay\"><\/div>\n\t\t\t\t\t\t\t<div class=\"elementor-container elementor-column-gap-default\">\n\t\t\t\t\t<div class=\"elementor-column elementor-col-100 elementor-top-column elementor-element elementor-element-2bbadf9\" data-id=\"2bbadf9\" data-element_type=\"column\">\n\t\t\t<div class=\"elementor-widget-wrap elementor-element-populated\">\n\t\t\t\t\t\t<div class=\"elementor-section elementor-inner-section elementor-element elementor-element-93e0464 elementor-section-boxed elementor-section-height-default elementor-section-height-default\" data-id=\"93e0464\" data-element_type=\"section\">\n\t\t\t\t\t\t<div class=\"elementor-container elementor-column-gap-default\">\n\t\t\t\t\t<div class=\"elementor-column elementor-col-33 elementor-inner-column elementor-element elementor-element-72a32f9\" data-id=\"72a32f9\" data-element_type=\"column\">\n\t\t\t<div class=\"elementor-widget-wrap elementor-element-populated\">\n\t\t\t\t\t\t<div class=\"elementor-element elementor-element-808042c elementor-widget elementor-widget-bauen-video\" data-id=\"808042c\" data-element_type=\"widget\" data-widget_type=\"bauen-video.default\">\n\t\t\t\t<div class=\"elementor-widget-container\">\n\t\t\t\t\t\n\t\t<div class=\"vid-area\">\n\t\t    \t\t\t<div class=\"vid-icon\">\n\t\t\t\t<a class=\"play-button vid\" href=\"https:\/\/www.youtube.com\/watch?v=Dmx2sW_7dR4\"  class=\"play-button vid js-video-button glightbox\">\n\t\t\t\t\t<svg class=\"circle-fill\">\n\t\t\t\t\t\t<circle cx=\"43\" cy=\"43\" r=\"39\" stroke=\"#fff\" stroke-width=\".5\"><\/circle>\n\t\t\t\t\t<\/svg>\n\t\t\t\t\t<svg class=\"circle-fill\">\n\t\t\t\t\t\t<circle cx=\"43\" cy=\"43\" r=\"39\" stroke=\"none\" stroke-width=\"1\" fill=\"none\"><\/circle>\n\t\t\t\t\t<\/svg> <span class=\"polygon\">\n                    \t\n\t\t\t\t\t    <i class=\"ti-control-play\"><\/i>\n\t\t\t\t\t\t\t\t\t\t\t\n\t\t\t\t\t\t\n\t\t\t\t\t<\/span> \n\t\t\t\t<\/a>\n\t\t\t<\/div>\n\t\t\t\t\t\t\t\t\t<div class=\"cont mt-15 mb-30\">\n\t\t\t\t<h5>A modern eco-friendly furniture factory in Lithuania<\/h5>\n\t\t\t<\/div>\n\t\t\t\t\t<\/div>\t\t\n\t\t\t\t\t\t\t\t\n        \t\t<\/div>\n\t\t\t\t<\/div>\n\t\t\t\t<div class=\"elementor-element elementor-element-e3ff742 elementor-widget elementor-widget-text-editor\" data-id=\"e3ff742\" data-element_type=\"widget\" data-widget_type=\"text-editor.default\">\n\t\t\t\t<div class=\"elementor-widget-container\">\n\t\t\t<style>\/*! elementor - v3.22.0 - 26-06-2024 *\/\n.elementor-widget-text-editor.elementor-drop-cap-view-stacked .elementor-drop-cap{background-color:#69727d;color:#fff}.elementor-widget-text-editor.elementor-drop-cap-view-framed .elementor-drop-cap{color:#69727d;border:3px solid;background-color:transparent}.elementor-widget-text-editor:not(.elementor-drop-cap-view-default) .elementor-drop-cap{margin-top:8px}.elementor-widget-text-editor:not(.elementor-drop-cap-view-default) .elementor-drop-cap-letter{width:1em;height:1em}.elementor-widget-text-editor .elementor-drop-cap{float:left;text-align:center;line-height:1;font-size:50px}.elementor-widget-text-editor .elementor-drop-cap-letter{display:inline-block}<\/style>\t\t\t\t<p><span data-sheets-root=\"1\" data-sheets-value=\"{&quot;1&quot;:2,&quot;2&quot;:&quot;Hear what our clients have to say about their experiences with Fabrica Viridis and how we have helped bring their visions to life with quality craftsmanship and unparalleled service.&quot;}\" data-sheets-userformat=\"{&quot;2&quot;:15275,&quot;3&quot;:{&quot;1&quot;:0},&quot;4&quot;:{&quot;1&quot;:2,&quot;2&quot;:13299195},&quot;6&quot;:{&quot;1&quot;:[{&quot;1&quot;:2,&quot;2&quot;:0,&quot;5&quot;:{&quot;1&quot;:2,&quot;2&quot;:0}},{&quot;1&quot;:0,&quot;2&quot;:0,&quot;3&quot;:3},{&quot;1&quot;:1,&quot;2&quot;:0,&quot;4&quot;:1}]},&quot;8&quot;:{&quot;1&quot;:[{&quot;1&quot;:2,&quot;2&quot;:0,&quot;5&quot;:{&quot;1&quot;:2,&quot;2&quot;:0}},{&quot;1&quot;:0,&quot;2&quot;:0,&quot;3&quot;:3},{&quot;1&quot;:1,&quot;2&quot;:0,&quot;4&quot;:1}]},&quot;10&quot;:2,&quot;11&quot;:4,&quot;12&quot;:0,&quot;14&quot;:{&quot;1&quot;:2,&quot;2&quot;:0},&quot;15&quot;:&quot;\\&quot;Aptos Narrow\\&quot;, sans-serif&quot;,&quot;16&quot;:11}\">Hear what our clients have to say about their experiences with Fabrica Viridis and how we have helped bring their visions to life with quality craftsmanship and unparalleled service.<\/span><\/p>\t\t\t\t\t\t<\/div>\n\t\t\t\t<\/div>\n\t\t\t\t\t<\/div>\n\t\t<\/div>\n\t\t\t\t<div class=\"elementor-column elementor-col-33 elementor-inner-column elementor-element elementor-element-8c48cbd\" data-id=\"8c48cbd\" data-element_type=\"column\">\n\t\t\t<div class=\"elementor-widget-wrap\">\n\t\t\t\t\t\t\t<\/div>\n\t\t<\/div>\n\t\t\t\t<div class=\"elementor-column elementor-col-33 elementor-inner-column elementor-element elementor-element-0e59fcc\" data-id=\"0e59fcc\" data-element_type=\"column\">\n\t\t\t<div class=\"elementor-widget-wrap elementor-element-populated\">\n\t\t\t\t\t\t<div class=\"elementor-element elementor-element-a95b345 elementor-invisible elementor-widget elementor-widget-bauen-testimonials\" data-id=\"a95b345\" data-element_type=\"widget\" data-settings=\"{&quot;_animation&quot;:&quot;fadeInUp&quot;}\" data-widget_type=\"bauen-testimonials.default\">\n\t\t\t\t<div class=\"elementor-widget-container\">\n\t\t\t\n        \t\t\t\n\t\t<div class=\"testimonials\">\n\t\t\t<div class=\"sec-testimonials-carousel testimonials-box\">\n\t\t\t    \t\t\t\t<div class=\"head-box\">\n\t\t\t\t\t<h4>What Client's Say?<\/h4>\n\t\t\t\t<\/div>\t\n\t\t\t\t\t\t\t\t<div class=\"owl-carousel owl-theme\" data-testimonials-autoplay=\"false\" data-testimonials-speed=\"500\" data-testimonials-autoplay-timeout=\"5000\" data-rtl=\"false\">\n\t\t\t\t\t\t\t\t\t\t<div class=\"item\"> <span class=\"quote\"><img decoding=\"async\" src=\"https:\/\/fabricaviridis.com\/wp-content\/themes\/bauen\/includes\/images\/quot.png\" alt=\"quote\"><\/span>\n\t\t\t\t\t\t<p><p>I would like to thank you for your excellent work on our project. The fast processing and timely delivery were immensely helpful on-site. The craftsmanship of the furniture made a very positive impression on our customer. Additionally, utilizing our own installers was highly effective, as the furniture arrived well-prepared. I look forward to collaborating on future projects.<\/p><\/p>\n\t\t\t\t\t\t<div class=\"info\">\n\t\t\t\t\t\t\t\t\t\t\t\t\t\t<div class=\"author-img\"> <img decoding=\"async\" src=\"https:\/\/webredox.net\/demo\/wp\/bauen\/light\/el\/multi\/demo1\/wp-content\/uploads\/2021\/09\/1-1.jpg\" alt=\"\"> <\/div>\n\t\t\t\t\t\t\t\t\t\t\t\t\t\t<div class=\"cont \">\n\t\t\t\t\t\t\t\t\t\t\t\t\t\t\t\t<h6>Simon<\/h6>\t\n\t\t\t\t\t\t\t\t\t\t\t\t\t\t\t\t<span>Contractor from Germany<\/span>\n\t\t\t\t\t\t\t\t\t\t\n\t\t\t\t\t\t\t<\/div>\n\t\t\t\t\t\t<\/div>\t\t\t\t\t\t\t\t\t\t\n\t\t\t\t\t<\/div>\n\t\t\t\t\t\t\t\t\t\t<div class=\"item\"> <span class=\"quote\"><img decoding=\"async\" src=\"https:\/\/fabricaviridis.com\/wp-content\/themes\/bauen\/includes\/images\/quot.png\" alt=\"quote\"><\/span>\n\t\t\t\t\t\t<p><p>On behalf of the client, we would like to express our sincere gratitude for the great effort, high quality of the offer presented, and the demonstrated observations, as well as the high competence and professionalism of your team.<\/p><p>Let's do this together!<\/p><\/p>\n\t\t\t\t\t\t<div class=\"info\">\n\t\t\t\t\t\t\t\t\t\t\t\t\t\t<div class=\"author-img\"> <img decoding=\"async\" src=\"https:\/\/webredox.net\/demo\/wp\/bauen\/light\/el\/multi\/demo1\/wp-content\/uploads\/2021\/09\/2-1.jpg\" alt=\"\"> <\/div>\n\t\t\t\t\t\t\t\t\t\t\t\t\t\t<div class=\"cont \">\n\t\t\t\t\t\t\t\t\t\t\t\t\t\t\t\t<h6>Migl\u0117<\/h6>\t\n\t\t\t\t\t\t\t\t\t\t\t\t\t\t\t\t<span>Contractor from Lithuania<\/span>\n\t\t\t\t\t\t\t\t\t\t\n\t\t\t\t\t\t\t<\/div>\n\t\t\t\t\t\t<\/div>\t\t\t\t\t\t\t\t\t\t\n\t\t\t\t\t<\/div>\n\t\t\t\t\t\t\t\t\t<\/div>\t\t\n\t\t\t<\/div>\t\t\n\t\t<\/div>\t\n\t\t\n        \t\t<\/div>\n\t\t\t\t<\/div>\n\t\t\t\t\t<\/div>\n\t\t<\/div>\n\t\t\t\t\t<\/div>\n\t\t<\/div>\n\t\t\t\t\t<\/div>\n\t\t<\/div>\n\t\t\t\t\t<\/div>\n\t\t<\/section>\n\t\t\t\t<section class=\"elementor-section elementor-top-section elementor-element elementor-element-e68793b elementor-section-full_width elementor-section-height-default elementor-section-height-default\" data-id=\"e68793b\" data-element_type=\"section\" data-settings=\"{&quot;background_background&quot;:&quot;classic&quot;}\">\n\t\t\t\t\t\t<div class=\"elementor-container elementor-column-gap-default\">\n\t\t\t\t\t<div class=\"elementor-column elementor-col-100 elementor-top-column elementor-element elementor-element-7aa241c\" data-id=\"7aa241c\" data-element_type=\"column\">\n\t\t\t<div class=\"elementor-widget-wrap elementor-element-populated\">\n\t\t\t\t\t\t<div class=\"elementor-section elementor-inner-section elementor-element elementor-element-8626aa3 elementor-section-boxed elementor-section-height-default elementor-section-height-default\" data-id=\"8626aa3\" data-element_type=\"section\">\n\t\t\t\t\t\t<div class=\"elementor-container elementor-column-gap-default\">\n\t\t\t\t\t<div class=\"elementor-column elementor-col-50 elementor-inner-column elementor-element elementor-element-c24df27\" data-id=\"c24df27\" data-element_type=\"column\">\n\t\t\t<div class=\"elementor-widget-wrap elementor-element-populated\">\n\t\t\t\t\t\t<div class=\"elementor-element elementor-element-00ef068 elementor-widget elementor-widget-bauen-clients\" data-id=\"00ef068\" data-element_type=\"widget\" data-widget_type=\"bauen-clients.default\">\n\t\t\t\t<div class=\"elementor-widget-container\">\n\t\t\t\n\t\t<div class=\"clients\">\n\t\t\t<div class=\"owl-carousel owl-theme\" data-clients-autoplay=\"true\" data-clients-speed=\"500\" data-client-autoplay-timeout=\"5000\" data-carousel-columns=\"5\" data-carousel-gap=\"30\" data-carousel-mobile-gap=\"10\" data-carousel-tablet-gap=\"10\" data-carousel-columns-tablet=\"3\" data-rtl=\"false\">\n\t\t\t\t\t\t\t\t<div class=\"clients-logo\">\n\t\t\t\t    \t\t\t\t\t<a href=\"https:\/\/fabricaviridis.com\/furniture-production\/designing-and-prie-assembling\/\" target=\"_self\" rel=\"noopener noreferrer\">\n\t\t\t\t\t\t\t\t\t\t\t\n\t\t\t\t\t<img decoding=\"async\" src=\"https:\/\/fabricaviridis.com\/wp-content\/uploads\/2024\/04\/icon_svg-49.svg\" alt=\"\">\t\t\t\t\n\t\t\t\t\t\t\t\t\t\t<\/a>\n\t\t\t\t\t\t\t\t\n\t\t\t\t<\/div>\t\n\t\t\t\t\t\t\t\t<div class=\"clients-logo\">\n\t\t\t\t    \t\t\t\t\t<a href=\"https:\/\/fabricaviridis.com\/services\/edge-banding\/\" target=\"_self\" rel=\"noopener noreferrer\">\n\t\t\t\t\t\t\t\t\t\t\t\n\t\t\t\t\t<img decoding=\"async\" src=\"https:\/\/fabricaviridis.com\/wp-content\/uploads\/2024\/04\/icon_svg-51.svg\" alt=\"\">\t\t\t\t\n\t\t\t\t\t\t\t\t\t\t<\/a>\n\t\t\t\t\t\t\t\t\n\t\t\t\t<\/div>\t\n\t\t\t\t\t\t\t\t<div class=\"clients-logo\">\n\t\t\t\t    \t\t\t\t\t<a href=\"https:\/\/fabricaviridis.com\/furniture-production\/pressing\/\" target=\"_self\" rel=\"noopener noreferrer\">\n\t\t\t\t\t\t\t\t\t\t\t\n\t\t\t\t\t<img decoding=\"async\" src=\"https:\/\/fabricaviridis.com\/wp-content\/uploads\/2024\/04\/icon_svg-53.svg\" alt=\"\">\t\t\t\t\n\t\t\t\t\t\t\t\t\t\t<\/a>\n\t\t\t\t\t\t\t\t\n\t\t\t\t<\/div>\t\n\t\t\t\t\t\t\t\t<div class=\"clients-logo\">\n\t\t\t\t    \t\t\t\t\t<a href=\"https:\/\/fabricaviridis.com\/furniture-production\/cutting-and-drilling\/\" target=\"_self\" rel=\"noopener noreferrer\">\n\t\t\t\t\t\t\t\t\t\t\t\n\t\t\t\t\t<img decoding=\"async\" src=\"https:\/\/fabricaviridis.com\/wp-content\/uploads\/2024\/04\/icon_svg-50.svg\" alt=\"\">\t\t\t\t\n\t\t\t\t\t\t\t\t\t\t<\/a>\n\t\t\t\t\t\t\t\t\n\t\t\t\t<\/div>\t\n\t\t\t\t\t\t\t\t<div class=\"clients-logo\">\n\t\t\t\t    \t\t\t\t\t<a href=\"https:\/\/fabricaviridis.com\/furniture-production\/cnc-machining\/\" target=\"_self\" rel=\"noopener noreferrer\">\n\t\t\t\t\t\t\t\t\t\t\t\n\t\t\t\t\t<img decoding=\"async\" src=\"https:\/\/fabricaviridis.com\/wp-content\/uploads\/2024\/04\/icon_svg-52.svg\" alt=\"\">\t\t\t\t\n\t\t\t\t\t\t\t\t\t\t<\/a>\n\t\t\t\t\t\t\t\t\n\t\t\t\t<\/div>\t\n\t\t\t\t\t\t\t\t<div class=\"clients-logo\">\n\t\t\t\t    \t\t\t\t\t<a href=\"https:\/\/fabricaviridis.com\/furniture-production\/logistics\/\" target=\"_self\" rel=\"noopener noreferrer\">\n\t\t\t\t\t\t\t\t\t\t\t\n\t\t\t\t\t<img decoding=\"async\" src=\"https:\/\/fabricaviridis.com\/wp-content\/uploads\/2024\/04\/icon_svg-54.svg\" alt=\"\">\t\t\t\t\n\t\t\t\t\t\t\t\t\t\t<\/a>\n\t\t\t\t\t\t\t\t\n\t\t\t\t<\/div>\t\n\t\t\t\t\t\t\t\t<div class=\"clients-logo\">\n\t\t\t\t    \t\t\t\t\t<a href=\"https:\/\/fabricaviridis.com\/project-management\/on-site-measurements\/\" target=\"_self\" rel=\"noopener noreferrer\">\n\t\t\t\t\t\t\t\t\t\t\t\n\t\t\t\t\t<img decoding=\"async\" src=\"https:\/\/fabricaviridis.com\/wp-content\/uploads\/2024\/04\/icon_svg-55.svg\" alt=\"\">\t\t\t\t\n\t\t\t\t\t\t\t\t\t\t<\/a>\n\t\t\t\t\t\t\t\t\n\t\t\t\t<\/div>\t\n\t\t\t\t\t\t\t\t<div class=\"clients-logo\">\n\t\t\t\t    \t\t\t\t\t<a href=\"https:\/\/fabricaviridis.com\/project-management\/engineering\/\" target=\"_self\" rel=\"noopener noreferrer\">\n\t\t\t\t\t\t\t\t\t\t\t\n\t\t\t\t\t<img decoding=\"async\" src=\"https:\/\/fabricaviridis.com\/wp-content\/uploads\/2024\/04\/icon_svg-57.svg\" alt=\"\">\t\t\t\t\n\t\t\t\t\t\t\t\t\t\t<\/a>\n\t\t\t\t\t\t\t\t\n\t\t\t\t<\/div>\t\n\t\t\t\t\t\t\t\t<div class=\"clients-logo\">\n\t\t\t\t    \t\t\t\t\t<a href=\"https:\/\/fabricaviridis.com\/project-management\/worldwide-installation\/\" target=\"_self\" rel=\"noopener noreferrer\">\n\t\t\t\t\t\t\t\t\t\t\t\n\t\t\t\t\t<img decoding=\"async\" src=\"https:\/\/fabricaviridis.com\/wp-content\/uploads\/2024\/04\/icon_svg-58.svg\" alt=\"\">\t\t\t\t\n\t\t\t\t\t\t\t\t\t\t<\/a>\n\t\t\t\t\t\t\t\t\n\t\t\t\t<\/div>\t\n\t\t\t\t\t\t\t\t<div class=\"clients-logo\">\n\t\t\t\t    \t\t\t\t\t<a href=\"https:\/\/fabricaviridis.com\/project-management\/prototyping\/\" target=\"_self\" rel=\"noopener noreferrer\">\n\t\t\t\t\t\t\t\t\t\t\t\n\t\t\t\t\t<img decoding=\"async\" src=\"https:\/\/fabricaviridis.com\/wp-content\/uploads\/2024\/04\/icon_svg-56.svg\" alt=\"\">\t\t\t\t\n\t\t\t\t\t\t\t\t\t\t<\/a>\n\t\t\t\t\t\t\t\t\n\t\t\t\t<\/div>\t\n\t\t\t\t\t\t\t\t<div class=\"clients-logo\">\n\t\t\t\t    \t\t\t\t\t<a href=\"https:\/\/fabricaviridis.com\/project-management\/logistics\/\" target=\"_self\" rel=\"noopener noreferrer\">\n\t\t\t\t\t\t\t\t\t\t\t\n\t\t\t\t\t<img decoding=\"async\" src=\"https:\/\/fabricaviridis.com\/wp-content\/uploads\/2024\/04\/icon_svg-54.svg\" alt=\"\">\t\t\t\t\n\t\t\t\t\t\t\t\t\t\t<\/a>\n\t\t\t\t\t\t\t\t\n\t\t\t\t<\/div>\t\n\t\t\t\t\t\t\t<\/div>\t\t\n\t\t<\/div>\t\t\n\n        \t\t<\/div>\n\t\t\t\t<\/div>\n\t\t\t\t\t<\/div>\n\t\t<\/div>\n\t\t\t\t<div class=\"elementor-column elementor-col-50 elementor-inner-column elementor-element elementor-element-5044c72\" data-id=\"5044c72\" data-element_type=\"column\">\n\t\t\t<div class=\"elementor-widget-wrap\">\n\t\t\t\t\t\t\t<\/div>\n\t\t<\/div>\n\t\t\t\t\t<\/div>\n\t\t<\/div>\n\t\t\t\t\t<\/div>\n\t\t<\/div>\n\t\t\t\t\t<\/div>\n\t\t<\/section>\n\t\t\t\t<\/div>\n\t\t","protected":false},"excerpt":{"rendered":"<p>Kontaktieren Sie uns Fabrica Viridis Innovative Produktionsverfahren werden eingesetzt, um die vorherrschenden Produktionsstandards f\u00fcr modulare M\u00f6bel zu ver\u00e4ndern. Au\u00dfergew\u00f6hnliche Vielfalt, Geschwindigkeit, Qualit\u00e4t und Nachhaltigkeit werden geboten. Unsere Produktionsanlagen umfassen insgesamt 7000 Quadratmeter und sind bereit f\u00fcr neue Projekte. Kontaktdaten Kontaktieren Sie unser Team Telefon : +4915145617583 E-Mail : m.bauer@fabricaviridis.com Adresse : B. Brazd\u017eionio str. 29, LT-48182 Kaunas, Lithuania Holen Sie&#8230;<\/p>\n","protected":false},"author":1,"featured_media":0,"parent":0,"menu_order":0,"comment_status":"closed","ping_status":"closed","template":"","meta":{"footnotes":"","_links_to":"","_links_to_target":""},"_links":{"self":[{"href":"https:\/\/fabricaviridis.com\/de\/wp-json\/wp\/v2\/pages\/4046"}],"collection":[{"href":"https:\/\/fabricaviridis.com\/de\/wp-json\/wp\/v2\/pages"}],"about":[{"href":"https:\/\/fabricaviridis.com\/de\/wp-json\/wp\/v2\/types\/page"}],"author":[{"embeddable":true,"href":"https:\/\/fabricaviridis.com\/de\/wp-json\/wp\/v2\/users\/1"}],"replies":[{"embeddable":true,"href":"https:\/\/fabricaviridis.com\/de\/wp-json\/wp\/v2\/comments?post=4046"}],"version-history":[{"count":5,"href":"https:\/\/fabricaviridis.com\/de\/wp-json\/wp\/v2\/pages\/4046\/revisions"}],"predecessor-version":[{"id":4404,"href":"https:\/\/fabricaviridis.com\/de\/wp-json\/wp\/v2\/pages\/4046\/revisions\/4404"}],"wp:attachment":[{"href":"https:\/\/fabricaviridis.com\/de\/wp-json\/wp\/v2\/media?parent=4046"}],"curies":[{"name":"wp","href":"https:\/\/api.w.org\/{rel}","templated":true}]}}